{"id":125,"date":"2014-12-19T13:14:35","date_gmt":"2014-12-19T13:14:35","guid":{"rendered":"http:\/\/romaeducationfund.ro\/?page_id=125"},"modified":"2025-05-15T09:15:55","modified_gmt":"2025-05-15T09:15:55","slug":"contact","status":"publish","type":"page","link":"https:\/\/roma.education\/ro\/contact\/","title":{"rendered":"Persoan\u0103 de contact"},"content":{"rendered":"<div class=\"col-md-12\">\n<div class=\"col-md-6\">\n<h4>Ne-ar pl\u0103cea s\u0103 primim ve\u0219ti de la dumneavoastr\u0103! Fie c\u0103 ave\u021bi o \u00eentrebare, o sugestie sau dori\u021bi doar s\u0103 ne saluta\u021bi, nu ezita\u021bi s\u0103 ne contacta\u021bi. Echipa noastr\u0103 este aici pentru a v\u0103 sprijini \u0219i a intra \u00een contact cu dumneavoastr\u0103: info@roma.education sau office@roma.education  <\/h4>\n<p><strong>Urm\u0103ri\u021bi-ne:<\/strong><\/p>\n<ul>\n<li><a href=\"https:\/\/www.facebook.com\/RomaEducationFund\"><strong>Facebook<\/strong><\/a><\/li>\n<li><a href=\"https:\/\/www.instagram.com\/roma_education_fund\/\"><strong>Instagram<\/strong><\/a><\/li>\n<li><a href=\"https:\/\/www.linkedin.com\/company\/1193986\/admin\/dashboard\/\"><strong>LinkedIn<\/strong><\/a><\/li>\n<li><a href=\"https:\/\/www.youtube.com\/feed\/you\"><strong>YouTube<\/strong><\/a><\/li>\n<li><strong><a href=\"https:\/\/www.tiktok.com\/@ref_interantional\">TikTok<\/a><\/strong><\/li>\n<\/ul>\n<p><span style=\"color: #000000;\"><strong>Dac\u0103 dori\u021bi s\u0103 sprijini\u021bi activitatea noastr\u0103, v\u0103 rug\u0103m s\u0103 lua\u021bi \u00een considerare posibilitatea de a face o <span style=\"color: #ff0000;\">dona\u021bie<\/span> c\u0103tre: Raiffeisen Bank | RO98 RZBR 0000 0600 2051 8203 (EUR) | Titularul contului Roma Education Fund Rom\u00e2nia | Strada Sachelarie Visarion nr. 63, 021694, Bucure\u0219ti, Rom\u00e2nia.<\/strong><\/span><\/p>\n<\/div>\n<\/div>\n<div class=\"col-md-12\"><\/div>\n","protected":false},"excerpt":{"rendered":"<p>Ne-ar pl\u0103cea s\u0103 primim ve\u0219ti de la dumneavoastr\u0103! Fie c\u0103 ave\u021bi o \u00eentrebare, o sugestie sau dori\u021bi doar s\u0103 ne saluta\u021bi, nu ezita\u021bi s\u0103 ne contacta\u021bi. Echipa noastr\u0103 este aici pentru a v\u0103 sprijini \u0219i a intra \u00een contact cu dumneavoastr\u0103: info@roma.education sau office@roma.education Urm\u0103ri\u021bi-ne: Facebook Instagram LinkedIn YouTube TikTok Dac\u0103 dori\u021bi s\u0103 sprijini\u021bi activitatea <a class=\"read-more-link\" href=\"https:\/\/roma.education\/ro\/contact\/\" title=\"Persoan\u0103 de contact\" rel=\"bookmark\" aria-label=\"[Cite\u0219te mai mult]\">[Cite\u0219te mai mult]<\/a><\/p>\n","protected":false},"author":1,"featured_media":0,"parent":0,"menu_order":0,"comment_status":"open","ping_status":"open","template":"","meta":{"_acf_changed":false,"footnotes":""},"class_list":["post-125","page","type-page","status-publish","hentry"],"acf":[],"_links":{"self":[{"href":"https:\/\/roma.education\/ro\/wp-json\/wp\/v2\/pages\/125","targetHints":{"allow":["GET"]}}],"collection":[{"href":"https:\/\/roma.education\/ro\/wp-json\/wp\/v2\/pages"}],"about":[{"href":"https:\/\/roma.education\/ro\/wp-json\/wp\/v2\/types\/page"}],"author":[{"embeddable":true,"href":"https:\/\/roma.education\/ro\/wp-json\/wp\/v2\/users\/1"}],"replies":[{"embeddable":true,"href":"https:\/\/roma.education\/ro\/wp-json\/wp\/v2\/comments?post=125"}],"version-history":[{"count":4,"href":"https:\/\/roma.education\/ro\/wp-json\/wp\/v2\/pages\/125\/revisions"}],"predecessor-version":[{"id":18272,"href":"https:\/\/roma.education\/ro\/wp-json\/wp\/v2\/pages\/125\/revisions\/18272"}],"wp:attachment":[{"href":"https:\/\/roma.education\/ro\/wp-json\/wp\/v2\/media?parent=125"}],"curies":[{"name":"wp","href":"https:\/\/api.w.org\/{rel}","templated":true}]}}