{"id":1382,"date":"2016-05-20T11:13:27","date_gmt":"2016-05-20T09:13:27","guid":{"rendered":"http:\/\/romaeducationfund.ro\/?page_id=1382"},"modified":"2016-05-20T11:13:27","modified_gmt":"2016-05-20T09:13:27","slug":"nota-de-informare-privind-prelucrarea-datelor-personale","status":"publish","type":"page","link":"https:\/\/roma.education\/ro\/nota-de-informare-privind-prelucrarea-datelor-personale\/","title":{"rendered":"Nota de informare privind prelucrarea datelor personale"},"content":{"rendered":"<p><strong><em>INFORMARE PRIVIND PRELUCRAREA DATELOR CU CARACTER PERSONAL<\/em><\/strong><\/p>\n<p>\u00cen conformitate cu Regulamentul General al Uniunii Europene privind protec\u021bia datelor (Regulamentul UE 2016\/679, \u201dGDPR\u201d) care este aplicabil din 25 mai 2018, <strong>FUNDA\u021aIA ROMA EDUCATION FUND ROMANIA, <\/strong>cu sediul \u00een Bucure\u0219ti, strada Vaselor, nr. 60, etaj 3, sector 2, numit\u0103 \u00een cele ce urmeaz\u0103 \u201dREF Romania\u201d v\u0103 informeaz\u0103 dup\u0103 cum urmeaz\u0103:<\/p>\n<p>Pentru a face demersuri \u00een vederea derul\u0103rii programelor implementate de c\u0103tre REF Romania \u0219i \u00een scopuri de marketing, datele dumneavoastr\u0103 personale \u0219i ale copiilor dumneavoastr\u0103, inclusiv, dar f\u0103r\u0103 a se limita la cele de pe copia actului de identitate sau de pe alte documente de identificare, dup\u0103 caz,\u00a0 date privind nume, prenume, adres\u0103, sex, cet\u0103\u021benia, data \u0219i locul na\u0219terii, semn\u0103tura, originea etnic\u0103, telefon\/fax, e-mail, imaginea dumneavoastr\u0103 sau a copilului dumneavoastr\u0103, inclusiv alte date personale furnizate de dumneavoastr\u0103, \u00een mod direct, prin formularele aplicate de REF Romania, prin angaja\u021bii s\u0103i, prin mijloace mixte (pe suport de h\u00e2rtie\/\u00een format electornic), vor fi colectate \u0219i prelucrate de c\u0103tre REF Romania.<\/p>\n<p>\u00cen consecin\u021b\u0103, f\u0103r\u0103 a avea la dispozi\u021bie datele dumneavoastr\u0103 cu caracter personal necesare, REF Romania nu va putea s\u0103 implementeze proiecte \u0219i, dup\u0103 caz, s\u0103 deruleze activit\u0103\u021bile specifice ale c\u0103ror efecte se produc fa\u021b\u0103 de dumneavoastr\u0103 sau de copiii dumneavoastr\u0103.<\/p>\n<p>O eventual\u0103 prelucrare ulterioar\u0103 \u00een scopuri statistice se va face cu respectarea principiului reducerii la minim a datelor \u0219i, \u00een m\u0103sura \u00een care va fi posibil, se va exclude prelucrarea datelor cu caracter personal, presupun\u00e2nd date agregate, care nu sunt utilizate \u00een sprijinul unor m\u0103suri sau decizii privind o anumit\u0103 persoan\u0103 fizic\u0103.<\/p>\n<p><strong><em>I. Scopul prelucr\u0103rii<\/em><\/strong>: Datele dumneavoastr\u0103 cu caracter personal sunt culese \u0219i prelucrate de REF Romania pentru urm\u0103toarele scopuri:<\/p>\n<ul>\n<li><em>Select\u0103rii \u0219i particip\u0103rii dumneavoastr\u0103 \u00een cadrul diverselor campanii, proiecte, activit\u0103\u021bi derulate de REF Romania<\/em><\/li>\n<li><em>Marketing \u0219i scopuri statistice, \u00een cazul \u00een care v\u0103 exprima\u021bi consim\u021b\u0103m\u00e2ntul pentru acest scop;<\/em><\/li>\n<li><em>Implement\u0103rii \u0219i derul\u0103rii activit\u0103\u021bilor specific proiectelor implementate de c\u0103tre REF Romania<\/em><\/li>\n<li><em>Complet\u0103rii diverselor formulare puse la dispozi\u021bia dumneavoastr\u0103 de c\u0103tre Ref Romania<\/em><\/li>\n<li><em>Trasmiterii c\u0103tre institu\u021bii publice competente: Autoritatea de Management\/Organismelor Intermediare, Ministerul Fondurilor Europene, etc,<\/em><\/li>\n<li><em>\u00cendeplinirii unor obliga\u021bii legale \u0219i cerin\u021be ale autorit\u0103\u021bilor publice, \u00een condi\u021biile legii, conform reglement\u0103rilor privind finan\u021barea proiectelor din fonduri nerambursabile, a ghidurilor solicitantului;<\/em><\/li>\n<li><em>Opera\u021biunilor financiar-contabile, prelucrarea datelor cu caracter personal pentru acordarea drepturilor ce revin membrilor grupului \u021bint\u0103 din proiectele implementate, formulare ANAF, etc;<\/em><\/li>\n<li><em>Prelucr\u0103rii datelor prev\u0103zute de art. 9 alin. (1) din Regulamentul 2016\/679, \u00een scopul demonstr\u0103rii interven\u021biilor stabilite prin liniile de finan\u021bare, dup\u0103 caz.<\/em><\/li>\n<\/ul>\n<p><strong><em>II. Temeiul juridic<\/em><\/strong>: Prelucrarea datelor dumneavoastr\u0103 cu caracter personal \u00een cadrul proiectului se face \u00een baza:<\/p>\n<ul>\n<li><em>Implement\u0103rii proiectelor, campaniilor, etc de c\u0103tre Ref Romania<\/em><\/li>\n<li><em>Consim\u021b\u0103m\u00e2ntului dumenavoastr\u0103 conform Formularului de acord expres, \u00een acest sens,<\/em><\/li>\n<li><em>Unor obliga\u021bii legale<\/em><\/li>\n<\/ul>\n<p><strong><em>III<\/em><\/strong>. <strong><em>Transferul informa\u021biilor.<\/em><\/strong> Informa\u021biile \u0219i datele personale colectate, \u00eenregistrate \u0219i stocate de REF Romania sunt destinate utiliz\u0103rii interne de c\u0103tre acesta, \u00eens\u0103 unele dintre ele pot fi dezv\u0103luite\/comunicate\/puse la dispozi\u021bie unor institu\u021bii publice, \u0219i autorit\u0103\u021bilor de stat competente (inclusiv instan\u021be, autorit\u0103\u021bi fiscale), precum \u0219i partenerilor no\u0219tri contractuali (parteneri \u00een proiect, furnizori de servicii IT, consultan\u021bi, exper\u021bi, societ\u0103\u021bi de arhivare, etc), \u00eemputernici\u021bilor no\u0219trii, \u00een conformitate cu prevederile legisla\u021biei aplicabile privind protec\u021bia datelor cu caracter personal \u0219i cu scopurile prelucr\u0103rii.<\/p>\n<p><strong><em>IV. Reten\u021bia datelor<\/em><\/strong>. Datele dumneavoastr\u0103 cu caracter personal colectate pentru scopurile men\u021bionate, vor fi re\u021binute \u00een baza de date a REF Romania, p\u00e2n\u0103 la finalizarea Programelor de finan\u021bare, \u00een conformitate cu termenele prev\u0103zute de legisla\u021bia aflat\u0103 \u00een vigoare \u00een domeniul finan\u021b\u0103rii proiectelor prin fonduri europene nerambursabile, la care se va ad\u0103uga perioada de timp \u00een care datele sunt necesare pentru \u00eendeplinirea de c\u0103tre REF Romania a obliga\u021biilor rezult\u00e2nd din legisla\u021bia \u0219i reglement\u0103rile interne privitoare la stocare.<\/p>\n<p><strong><em>V. Drepturi<\/em><\/strong><strong>.<\/strong> \u00cencep\u00e2nd cu 25 mai 2018 ave\u021bi urm\u0103toarele <strong><em>Drepturi<\/em> <\/strong>ce rezult\u0103 din Regulamentul UE privind protec\u021bia datelor cu caracter personal:<\/p>\n<ul>\n<li>dreptul de acces &#8211; pute\u021bi solicita accesul la datele dvs.\/copiilor dvs. cu caracter personal;<\/li>\n<li>dreptul de rectificare sau de actualizare &#8211; pute\u021bi solicita organiza\u021biei s\u0103 corecteze datele dvs.\/copiilor dvs. cu caracter personal care sunt inexacte sau incomplete;<\/li>\n<li>dreptul de \u0219tergere &#8211; pute\u021bi solicita REF Romania s\u0103 \u0219tearg\u0103 datele dvs.\/copiilor dvs. cu caracter personal \u00een cazul \u00een care se aplic\u0103 unul dintre urm\u0103toarele temeiuri:<\/li>\n<li><em>Atunci c\u00e2nd datele cu caracter personal nu mai sunt necesare \u00een leg\u0103tur\u0103 cu scopurile pentru care au fost colectate sau prelucrate,<\/em><\/li>\n<li><em>V\u0103 retrage\u021bi consim\u021b\u0103m\u00e2ntul pe care se bazeaz\u0103 prelucrarea \u0219i dac\u0103 nu exist\u0103 alt temei juridic pentru prelucrare,<\/em><\/li>\n<li><em>V\u0103 opune\u021bi procesului decizional automatizat \u0219i nu exist\u0103 temeiuri juridice \u00eentemeiate care s\u0103 prevaleze pentru prelucrare sau v\u0103 opune\u021bi prelucr\u0103rii \u00een scopuri de marketing direct,<\/em><\/li>\n<li><em>Datele cu caracter personal au fost prelucrate ilegal,<\/em><\/li>\n<li><em>Datele cu caracter personal trebuie s\u0103 fie \u0219terse pentru a respecta obliga\u021bia legal\u0103 \u00een temeiul dreptului Uniunii sau al dreptului intern care se aplic\u0103 organiza\u021biei,<\/em><\/li>\n<li><em>Datele cu caracter personal au fost colectate \u00een legatur\u0103 cu activit\u0103\u021bile informa\u021bionale ale organiza\u021biei.<\/em><\/li>\n<li>dreptul de restric\u021bionare &#8211; pute\u021bi solicita REF Romania s\u0103 restric\u021bioneze modul \u00een care prelucreaz\u0103 datele dvs. cu caracter personal \u00een cazul \u00een care se aplic\u0103 unul dintre urmatoarele:<\/li>\n<li><em>Contesta\u021bi exactitatea datelor dvs.\/copiilor dvs. cu caracter personal, pentru o perioad\u0103 care s\u0103 permit\u0103 REF Romania s\u0103 verifice exactitatea datelor dvs\/copiilor dvs. cu caracter personal,<\/em><\/li>\n<li><em>Prelucrarea este ilegal\u0103 \u0219i v\u0103 opune\u021bi \u0219tergerii datelor cu caracter personal \u0219i solicita\u021bi \u00een schimb restric\u021bia de utilizare a acestora,<\/em><\/li>\n<li><em>REF Romania nu mai are nevoie de datele cu caracter personal \u00een scopul prelucr\u0103rii, dar ele sunt solicitate de dvs. pentru constatarea, exercitarea sau ap\u0103rarea unui drept \u00een justi\u021bie,<\/em><\/li>\n<li><em>V-a\u021bi opus prelucr\u0103rii \u00een conformitate cu dreptul de a obiecta \u0219i procesului decizional automatizat, \u00een a\u0219teptarea verific\u0103rii dac\u0103 temeiurile legitime ale organiza\u021biei prevaleaz\u0103 asupra temeiurilor dvs.<\/em><\/li>\n<li>dreptul la portabilitate &#8211; pute\u021bi solicita REF Romania primirea datelor dvs.\/copiilor dvs. cu caracter personal \u00eentr-un format structurat, utilizat \u00een mod curent, prelucrabil automat sau, \u00een m\u0103sura \u00een care este posibil din punct de vedere tehnic, \u00a0s\u0103 transfere datele dvs.\/copiilor dvs. cu caracter personal c\u0103tre o alt\u0103 organiza\u021bie;<\/li>\n<li>dreptul de a ob\u021bine confirmarea cu privire la faptul c\u0103 datele cu caracter personal referitoare la Dvs.\/copii dvs. sunt sau nu prelucrate \u0219i comunicate \u00eentr-o form\u0103 inteligibil\u0103;<\/li>\n<li>dreptul de a v\u0103 modifica sau retrage consim\u021b\u0103m\u00e2ntul. Acest drept se aplic\u0103 numai dac\u0103 a fost colectat consim\u021b\u0103m\u00e2ntul dvs. \u2013 v\u0103 pute\u021bi retrage oric\u00e2nd consim\u021b\u0103m\u00e2ntul \u00a0pentru prelucrarea datelor dvs.\/a copiilor dvs. cu caracter personal pentru care v-a\u021bi dat consim\u021b\u0103m\u00e2ntul, f\u0103r\u0103 a aduce atingere legalit\u0103\u021bii consim\u021b\u0103m\u00e2ntului dat \u00eenainte de revocare;<\/li>\n<li>dreptul la opozi\u021bie &#8211; pute\u021bi s\u0103 v\u0103 opune\u021bi prelucr\u0103rii datelor dvs.\/copiilor dvs. cu caracter personal care o privesc, cu excep\u021bia cazului \u00een care REF Romania demonstreaz\u0103 c\u0103 are motive legitime care justific\u0103 prelucrarea;<\/li>\n<li>dreptul de a vi se comunica orice rectificare sau \u0219tergere sau restric\u021bionare a prelucr\u0103rii;<\/li>\n<li>dreptul de a fi notificat \u00een caz de \u00eenc\u0103lcare a securit\u0103\u021bii datelor;<\/li>\n<li>dreptul s\u0103 depune\u021bi pl\u00e2ngere la Autoritatea Na\u021bional\u0103 de Supraveghere a Prelucr\u0103rii Datelor cu Caracter Personal.<\/li>\n<\/ul>\n<p>V\u0103 rug\u0103m, \u00een cazul \u00een care, \u00een vederea implement\u0103rii proiectelor, derul\u0103rii campaniilor, etc, ne transmite\u021bi (\u0219i) datele cu caracter personal ale altei persoane, s\u0103 comunica\u021bi prezenta Informare persoanei respective \u0219i s\u0103 lua\u021bi Acordul acesteia, \u00een cazurile aplicabile.<\/p>\n<p>Pentru orice solicit\u0103ri pe care le pute\u021bi avea cu privire la exercitarea drepturilor men\u021bionate mai sus sau la retragerea consim\u021b\u0103m\u00e2ntului, precum \u0219i pentru a ne adresa orice \u00eentrebare privitoare la cele comunicate prin prezenta, pute\u021bi s\u0103 contacta\u021bi REF Romania la adresa de e-mail: <a href=\"mailto:privacy@romaeducationfund.ro\">privacy@romaeducationfund.ro<\/a>, \u00een aten\u021bia Responsabilului cu protec\u021bia datelor \u0219i\/sau la adresa po\u0219tal\u0103 men\u021bionat\u0103 mai sus<\/p>\n","protected":false},"excerpt":{"rendered":"<p>INFORMARE PRIVIND PRELUCRAREA DATELOR CU CARACTER PERSONAL \u00cen conformitate cu Regulamentul General al Uniunii Europene privind protec\u021bia datelor (Regulamentul UE 2016\/679, \u201dGDPR\u201d) care este aplicabil din 25 mai 2018, FUNDA\u021aIA ROMA EDUCATION FUND ROMANIA, cu sediul \u00een Bucure\u0219ti, strada Vaselor, nr. 60, etaj 3, sector 2, numit\u0103 \u00een cele ce urmeaz\u0103 \u201dREF Romania\u201d v\u0103 informeaz\u0103 <a class=\"read-more-link\" href=\"https:\/\/roma.education\/ro\/nota-de-informare-privind-prelucrarea-datelor-personale\/\" title=\"Nota de informare privind prelucrarea datelor personale\" rel=\"bookmark\" aria-label=\"[Cite\u0219te mai mult]\">[Cite\u0219te mai mult]<\/a><\/p>\n","protected":false},"author":1,"featured_media":0,"parent":0,"menu_order":0,"comment_status":"closed","ping_status":"closed","template":"","meta":{"_acf_changed":false,"footnotes":""},"class_list":["post-1382","page","type-page","status-publish","hentry"],"acf":[],"_links":{"self":[{"href":"https:\/\/roma.education\/ro\/wp-json\/wp\/v2\/pages\/1382","targetHints":{"allow":["GET"]}}],"collection":[{"href":"https:\/\/roma.education\/ro\/wp-json\/wp\/v2\/pages"}],"about":[{"href":"https:\/\/roma.education\/ro\/wp-json\/wp\/v2\/types\/page"}],"author":[{"embeddable":true,"href":"https:\/\/roma.education\/ro\/wp-json\/wp\/v2\/users\/1"}],"replies":[{"embeddable":true,"href":"https:\/\/roma.education\/ro\/wp-json\/wp\/v2\/comments?post=1382"}],"version-history":[{"count":0,"href":"https:\/\/roma.education\/ro\/wp-json\/wp\/v2\/pages\/1382\/revisions"}],"wp:attachment":[{"href":"https:\/\/roma.education\/ro\/wp-json\/wp\/v2\/media?parent=1382"}],"curies":[{"name":"wp","href":"https:\/\/api.w.org\/{rel}","templated":true}]}}