{"id":6347,"date":"2024-02-09T17:43:45","date_gmt":"2024-02-09T17:43:45","guid":{"rendered":"https:\/\/roma.education\/?page_id=6347"},"modified":"2025-05-19T13:08:23","modified_gmt":"2025-05-19T13:08:23","slug":"leadership","status":"publish","type":"page","link":"https:\/\/roma.education\/ro\/leadership\/","title":{"rendered":"Leadership"},"content":{"rendered":"\n<h2 class=\"wp-block-heading\"><strong>Consolidarea capitalului uman al romilor: Investi\u021bia strategic\u0103 a REF \u00een educa\u021bie \u0219i leadership<\/strong> <\/h2>\n\n<div class=\"wp-block-media-text is-stacked-on-mobile\"><figure class=\"wp-block-media-text__media\"><img loading=\"lazy\" decoding=\"async\" width=\"683\" height=\"1024\" src=\"https:\/\/roma.education\/wp-content\/uploads\/2025\/02\/cm11-683x1024.jpg\" alt=\"\" class=\"wp-image-11744 size-full\" srcset=\"https:\/\/roma.education\/wp-content\/uploads\/2025\/02\/cm11-683x1024.jpg 683w, https:\/\/roma.education\/wp-content\/uploads\/2025\/02\/cm11-200x300.jpg 200w, https:\/\/roma.education\/wp-content\/uploads\/2025\/02\/cm11-768x1152.jpg 768w, https:\/\/roma.education\/wp-content\/uploads\/2025\/02\/cm11-1024x1536.jpg 1024w, https:\/\/roma.education\/wp-content\/uploads\/2025\/02\/cm11-1365x2048.jpg 1365w, https:\/\/roma.education\/wp-content\/uploads\/2025\/02\/cm11-scaled.jpg 1707w\" sizes=\"auto, (max-width: 683px) 100vw, 683px\" \/><\/figure><div class=\"wp-block-media-text__content\">\n<p>Roma Education Fund (REF) porne\u0219te \u00eentr-o c\u0103l\u0103torie inspirat\u0103 pentru a consolida capitalul uman al romilor. Pornind de la vocile \u0219i experien\u021bele comunit\u0103\u021bilor de romi, REF investe\u0219te strategic \u00een educa\u021bie \u0219i leadership pentru a \u00eemputernici persoanele de etnie rom\u0103 \u0219i pentru a cultiva comunit\u0103\u021bi prospere. Aceasta nu este o simpl\u0103 modificare a status quo-ului; este o reimaginare \u00eendr\u0103znea\u021b\u0103 a ceea ce este posibil.  <\/p>\n<\/div><\/div>\n\n<p>Prin intermediul unor programe inovatoare \u0219i al sprijinului financiar, REF \u00eencurajeaz\u0103 tinerii profesioni\u0219ti romi s\u0103 urmeze studii superioare \u0219i s\u0103 devin\u0103 lideri, cultiv\u00e2ndu-le nu numai performan\u021bele academice, ci \u0219i \u00een\u021belegerea culturii \u0219i mo\u0219tenirii romilor. Aceste ini\u021biative forjeaz\u0103 o nou\u0103 genera\u021bie de lideri romi, preg\u0103ti\u021bi s\u0103 sus\u021bin\u0103 schimb\u0103ri pozitive \u0219i s\u0103 conduc\u0103 comunit\u0103\u021bile lor c\u0103tre un viitor de rezilien\u021b\u0103 \u0219i prosperitate.   <\/p>\n\n<p>REF consider\u0103 c\u0103 adev\u0103rata excelen\u021b\u0103 educa\u021bional\u0103 nu rezult\u0103 din schimb\u0103ri treptate, ci dintr-o transformare radical\u0103 condus\u0103 de lideri comunitari autentici. Ace\u0219ti lideri nu sunt simpli participan\u021bi la schimbare; ei sunt catalizatorii unei revolu\u021bii a \u00eenv\u0103\u021b\u0103rii, permi\u021b\u00e2nd comunit\u0103\u021bilor s\u0103 \u00ee\u0219i realizeze \u00eentregul poten\u021bial \u0219i s\u0103 \u00ee\u0219i creeze un viitor durabil.   <\/p>\n\n<p>Un element esen\u021bial al strategiei REF este crearea unor re\u021bele interna\u021bionale dinamice, cum ar fi Re\u021beaua educatorilor REF \u0219i Re\u021beaua absolven\u021bilor REF. Aceste re\u021bele sunt mai mult dec\u00e2t simple grupuri profesionale. Ele sunt comunit\u0103\u021bi de interese \u00eenfloritoare care stimuleaz\u0103 colaborarea, inspir\u0103 inova\u021bia \u0219i ofer\u0103 un sprijin neclintit profesioni\u0219tilor romi. Prin interconectarea expertizei \u0219i experien\u021belor educatorilor, liderilor \u0219i absolven\u021bilor, REF creeaz\u0103 un mozaic puternic de conexiuni care dep\u0103\u0219e\u0219te grani\u021bele. Aceste re\u021bele sunt esen\u021biale \u00een promovarea unui sentiment de apartenen\u021b\u0103 \u0219i a unui scop comun, permi\u021b\u00e2nd persoanelor s\u0103 contribuie la comunit\u0103\u021bile lor cu o vigoare \u0219i o viziune re\u00eennoite. Prin intermediul acestor re\u021bele vibrante, REF nu numai c\u0103 \u00eembun\u0103t\u0103\u021be\u0219te dezvoltarea individual\u0103, ci \u0219i fortific\u0103 puterea \u0219i influen\u021ba colectiv\u0103 a comunit\u0103\u021bilor de romi la o scar\u0103 mai larg\u0103. Acest cadru interconectat este esen\u021bial pentru stimularea dezvolt\u0103rii durabile, pentru sus\u021binerea educa\u021biei de calitate \u0219i pentru promovarea patrimoniului cultural bogat al poporului rom.        <\/p>\n\n<p>Una dintre cele mai importante ini\u021biative lansate \u00een cadrul noii noastre strategii este Programul de leadership pentru romi. Acest program este conceput ca o experien\u021b\u0103 de \u00eenv\u0103\u021bare inovatoare, care cuprinde un curs de masterat \u0219i un stagiu. El ofer\u0103 participan\u021bilor oportunit\u0103\u021bi practice \u0219i atractive de a-\u0219i dezvolta instrumentele, cuno\u0219tin\u021bele \u0219i viziunea necesare pentru viitoarele roluri de conducere \u00een cadrul organiza\u021biilor, re\u021belelor \u0219i institu\u021biilor. Programul de leadership pentru romi serve\u0219te, de asemenea, ca o re\u021bea de exper\u021bi care promoveaz\u0103 inovarea \u00een diverse domenii, inclusiv antreprenoriatul, ocuparea for\u021bei de munc\u0103, cultura, educa\u021bia \u0219i participarea democratic\u0103 a comunit\u0103\u021bilor rome. Aceast\u0103 re\u021bea \u00eencurajeaz\u0103 colaborarea \u0219i schimbul de idei, asigur\u00e2ndu-se c\u0103 liderii romi sunt \u00een fruntea schimb\u0103rilor pozitive. Programul creeaz\u0103 o comunitate vibrant\u0103 de persoane de etnie rom\u0103 care g\u00e2ndesc la fel \u0219i care \u00ee\u0219i \u00eembr\u0103\u021bi\u0219eaz\u0103 cu m\u00e2ndrie identitatea. Participan\u021bii se scufund\u0103 \u00een istoria bogat\u0103, artele, cultura \u0219i mi\u0219c\u0103rile politice ale poporului rom, construind un puternic sentiment de apartenen\u021b\u0103 \u0219i m\u00e2ndrie fa\u021b\u0103 de mo\u0219tenirea lor. Prin acest program, REF cultiv\u0103 o nou\u0103 genera\u021bie de lideri romi abilita\u021bi, care sunt echipa\u021bi s\u0103 aib\u0103 un impact de durat\u0103 asupra comunit\u0103\u021bilor lor. O oportunitate incredibil\u0103 de a face o diferen\u021b\u0103 real\u0103 prin contribu\u021bia la dezvoltarea \u0219i rezilien\u021ba comunit\u0103\u021bilor rome. <\/p>\n\n<p>Redjepali CHUPI, lider de echip\u0103 al diviziei strategice pentru capitalul uman al romilor din cadrul re\u021belei Roma Education Fund.<\/p>\n","protected":false},"excerpt":{"rendered":"<p>Consolidarea capitalului uman al romilor: Investi\u021bia strategic\u0103 a REF \u00een educa\u021bie \u0219i leadership Roma Education Fund (REF) porne\u0219te \u00eentr-o c\u0103l\u0103torie inspirat\u0103 pentru a consolida capitalul uman al romilor. Pornind de la vocile \u0219i experien\u021bele comunit\u0103\u021bilor de romi, REF investe\u0219te strategic \u00een educa\u021bie \u0219i leadership pentru a \u00eemputernici persoanele de etnie rom\u0103 \u0219i pentru a cultiva <a class=\"read-more-link\" href=\"https:\/\/roma.education\/ro\/leadership\/\" title=\"Leadership\" rel=\"bookmark\" aria-label=\"[Cite\u0219te mai mult]\">[Cite\u0219te mai mult]<\/a><\/p>\n","protected":false},"author":1,"featured_media":0,"parent":0,"menu_order":0,"comment_status":"closed","ping_status":"closed","template":"","meta":{"_acf_changed":false,"footnotes":""},"class_list":["post-6347","page","type-page","status-publish","hentry"],"acf":[],"_links":{"self":[{"href":"https:\/\/roma.education\/ro\/wp-json\/wp\/v2\/pages\/6347","targetHints":{"allow":["GET"]}}],"collection":[{"href":"https:\/\/roma.education\/ro\/wp-json\/wp\/v2\/pages"}],"about":[{"href":"https:\/\/roma.education\/ro\/wp-json\/wp\/v2\/types\/page"}],"author":[{"embeddable":true,"href":"https:\/\/roma.education\/ro\/wp-json\/wp\/v2\/users\/1"}],"replies":[{"embeddable":true,"href":"https:\/\/roma.education\/ro\/wp-json\/wp\/v2\/comments?post=6347"}],"version-history":[{"count":2,"href":"https:\/\/roma.education\/ro\/wp-json\/wp\/v2\/pages\/6347\/revisions"}],"predecessor-version":[{"id":18455,"href":"https:\/\/roma.education\/ro\/wp-json\/wp\/v2\/pages\/6347\/revisions\/18455"}],"wp:attachment":[{"href":"https:\/\/roma.education\/ro\/wp-json\/wp\/v2\/media?parent=6347"}],"curies":[{"name":"wp","href":"https:\/\/api.w.org\/{rel}","templated":true}]}}