{"id":6349,"date":"2024-02-09T17:44:14","date_gmt":"2024-02-09T17:44:14","guid":{"rendered":"https:\/\/roma.education\/?page_id=6349"},"modified":"2025-05-19T13:08:20","modified_gmt":"2025-05-19T13:08:20","slug":"employability","status":"publish","type":"page","link":"https:\/\/roma.education\/ro\/employability\/","title":{"rendered":"Competen\u021be \u0219i ocuparea for\u021bei de munc\u0103"},"content":{"rendered":"\n<div class=\"wp-block-media-text is-stacked-on-mobile\"><figure class=\"wp-block-media-text__media\"><img loading=\"lazy\" decoding=\"async\" width=\"683\" height=\"1024\" src=\"https:\/\/roma.education\/wp-content\/uploads\/2025\/04\/MARINA_SKILLS2-683x1024.jpg\" alt=\"\" class=\"wp-image-17374 size-full\" srcset=\"https:\/\/roma.education\/wp-content\/uploads\/2025\/04\/MARINA_SKILLS2-683x1024.jpg 683w, https:\/\/roma.education\/wp-content\/uploads\/2025\/04\/MARINA_SKILLS2-200x300.jpg 200w, https:\/\/roma.education\/wp-content\/uploads\/2025\/04\/MARINA_SKILLS2-768x1152.jpg 768w, https:\/\/roma.education\/wp-content\/uploads\/2025\/04\/MARINA_SKILLS2-1024x1536.jpg 1024w, https:\/\/roma.education\/wp-content\/uploads\/2025\/04\/MARINA_SKILLS2-1365x2048.jpg 1365w, https:\/\/roma.education\/wp-content\/uploads\/2025\/04\/MARINA_SKILLS2-scaled.jpg 1707w\" sizes=\"auto, (max-width: 683px) 100vw, 683px\" \/><\/figure><div class=\"wp-block-media-text__content\">\n<h4 class=\"wp-block-heading\">Resursa neexploatat\u0103 a Europei: Investi\u021bia \u00een poten\u021bialul romilor<\/h4>\n\n\n\n<p>\u00cen timp ce Europa se confrunt\u0103 cu o popula\u021bie \u00eemb\u0103tr\u00e2nit\u0103 \u0219i cu o lips\u0103 iminent\u0103 de for\u021b\u0103 de munc\u0103, o popula\u021bie semnificativ\u0103, cu un poten\u021bial economic vast, r\u0103m\u00e2ne \u00een mare parte neexploatat\u0103: romii. Adesea privit\u0103 prin prisma asisten\u021bei sociale, cea mai mare \u0219i mai t\u00e2n\u0103r\u0103 minoritate etnic\u0103 de pe continent prezint\u0103 o oportunitate conving\u0103toare pentru investi\u021bii publice strategice, o schimbare de paradigm\u0103 de care ar putea beneficia nu numai comunit\u0103\u021bile de romi, ci \u0219i economiile europene \u00een ansamblu. <\/p>\n<\/div><\/div>\n\n<p><\/p>\n\n<p>Roma Education Fund este v\u00e2rful de lance al acestei schimb\u0103ri de perspectiv\u0103 prin pilonul s\u0103u strategic Competen\u021be \u0219i ocuparea for\u021bei de munc\u0103. Aceast\u0103 abordare inovatoare recunoa\u0219te c\u0103 educa\u021bia, \u00eempreun\u0103 cu c\u0103i solide c\u0103tre ocuparea for\u021bei de munc\u0103, reprezint\u0103 cheia pentru deblocarea puterii economice a popula\u021biei rome. Acesta nu este doar un efort filantropic; este o investi\u021bie strategic\u0103 \u00een viitoarea for\u021b\u0103 de munc\u0103 a Europei, o viziune \u00eemp\u0103rt\u0103\u0219it\u0103 de re\u021beaua Funda\u021biei Romilor pentru Europa.  <\/p>\n\n<p>Obiectivul general este clar: abilitarea economic\u0103 a persoanelor de etnie rom\u0103 prin educa\u021bie cuprinz\u0103toare, formare specific\u0103 \u0219i oportunit\u0103\u021bi de angajare semnificative. Acest pilon ambi\u021bios va func\u021biona \u00een toate \u021b\u0103rile din re\u021beaua REF \u0219i nu numai, cu obiectivul concret de a sprijini angajarea a 10 000 de persoane de etnie rom\u0103 p\u00e2n\u0103 \u00een 2033. <\/p>\n\n<p>Mai multe ini\u021biative-cheie sunt deja \u00een curs de desf\u0103\u0219urare pentru a atinge acest obiectiv:<\/p>\n\n<ul class=\"wp-block-list\">\n<li>Educa\u021bie \u0219i formare profesional\u0103 (EFP) adaptate la cerin\u021bele pie\u021bei muncii. Recunosc\u00e2nd nevoia de competen\u021be relevante, REF promoveaz\u0103 \u00een mod activ programe de perfec\u021bionare \u0219i recalificare concepute pentru a r\u0103spunde nevoilor actuale \u0219i viitoare ale angajatorilor europeni. <\/li>\n\n\n\n<li>Sunt \u00een curs de desf\u0103\u0219urare eforturi pentru a pune \u00een leg\u0103tur\u0103 direct\u0103 persoanele de etnie rom\u0103 aflate \u00een c\u0103utarea unui loc de munc\u0103 cu posturile disponibile, elimin\u00e2nd barierele de intrare \u0219i promov\u00e2nd incluziunea \u00een for\u021ba de munc\u0103.<\/li>\n\n\n\n<li>REF \u0219i partenerii s\u0103i se implic\u0103 activ \u00een discursul public pentru a sus\u021bine politici care faciliteaz\u0103 angajarea \u00een mas\u0103 a persoanelor de etnie rom\u0103, \u00een special \u00een func\u021bii bine remunerate \u00een sectorul public.<\/li>\n\n\n\n<li>REF formeaz\u0103 alian\u021be cu angajatorii, asocia\u021biile de angajatori, institu\u021biile specializate \u00een ocuparea for\u021bei de munc\u0103 \u0219i alte p\u0103r\u021bi interesate relevante pentru a crea c\u0103i de angajare durabile pentru persoanele de etnie rom\u0103. De asemenea, sunt \u00een curs de elaborare proiecte comune cu organiza\u021bii interna\u021bionale pentru a extinde aceste oportunit\u0103\u021bi la alte grupuri sociale vulnerabile. <\/li>\n<\/ul>\n\n<p>Aceste ini\u021biative reprezint\u0103 o schimbare tangibil\u0103 \u00een direc\u021bia consider\u0103rii popula\u021biei rome drept un atu vital \u0219i \u00een mare m\u0103sur\u0103 neexploatat. Prin investi\u021bii strategice \u00een educa\u021bia, competen\u021bele \u0219i ocuparea for\u021bei de munc\u0103 a romilor, Europa poate debloca un poten\u021bial economic semnificativ, poate aborda provoc\u0103rile demografice \u0219i poate promova societ\u0103\u021bi mai incluzive \u0219i mai prospere pentru to\u021bi. Activitatea Fondului pentru educa\u021bia romilor va deveni un model pentru modul \u00een care acest lucru poate fi realizat.  <\/p>\n\n<p>Marina SAVKOVIC, director al diviziei Competen\u021be \u0219i ocuparea for\u021bei de munc\u0103 din cadrul re\u021belei Roma Education Fund.<\/p>\n","protected":false},"excerpt":{"rendered":"<p>Resursa neexploatat\u0103 a Europei: Investi\u021bia \u00een poten\u021bialul romilor \u00cen timp ce Europa se confrunt\u0103 cu o popula\u021bie \u00eemb\u0103tr\u00e2nit\u0103 \u0219i cu o lips\u0103 iminent\u0103 de for\u021b\u0103 de munc\u0103, o popula\u021bie semnificativ\u0103, cu un poten\u021bial economic vast, r\u0103m\u00e2ne \u00een mare parte neexploatat\u0103: romii. Adesea privit\u0103 prin prisma asisten\u021bei sociale, cea mai mare \u0219i mai t\u00e2n\u0103r\u0103 minoritate etnic\u0103 <a class=\"read-more-link\" href=\"https:\/\/roma.education\/ro\/employability\/\" title=\"Competen\u021be \u0219i ocuparea for\u021bei de munc\u0103\" rel=\"bookmark\" aria-label=\"[Cite\u0219te mai mult]\">[Cite\u0219te mai mult]<\/a><\/p>\n","protected":false},"author":1,"featured_media":0,"parent":0,"menu_order":0,"comment_status":"closed","ping_status":"closed","template":"","meta":{"_acf_changed":false,"footnotes":""},"class_list":["post-6349","page","type-page","status-publish","hentry"],"acf":[],"_links":{"self":[{"href":"https:\/\/roma.education\/ro\/wp-json\/wp\/v2\/pages\/6349","targetHints":{"allow":["GET"]}}],"collection":[{"href":"https:\/\/roma.education\/ro\/wp-json\/wp\/v2\/pages"}],"about":[{"href":"https:\/\/roma.education\/ro\/wp-json\/wp\/v2\/types\/page"}],"author":[{"embeddable":true,"href":"https:\/\/roma.education\/ro\/wp-json\/wp\/v2\/users\/1"}],"replies":[{"embeddable":true,"href":"https:\/\/roma.education\/ro\/wp-json\/wp\/v2\/comments?post=6349"}],"version-history":[{"count":6,"href":"https:\/\/roma.education\/ro\/wp-json\/wp\/v2\/pages\/6349\/revisions"}],"predecessor-version":[{"id":18448,"href":"https:\/\/roma.education\/ro\/wp-json\/wp\/v2\/pages\/6349\/revisions\/18448"}],"wp:attachment":[{"href":"https:\/\/roma.education\/ro\/wp-json\/wp\/v2\/media?parent=6349"}],"curies":[{"name":"wp","href":"https:\/\/api.w.org\/{rel}","templated":true}]}}