{"id":6365,"date":"2024-02-09T17:56:21","date_gmt":"2024-02-09T17:56:21","guid":{"rendered":"https:\/\/roma.education\/?page_id=6365"},"modified":"2025-05-19T13:02:27","modified_gmt":"2025-05-19T13:02:27","slug":"roma-for-europe-foundation","status":"publish","type":"page","link":"https:\/\/roma.education\/ro\/roma-for-europe-foundation\/","title":{"rendered":"Funda\u021bia Romilor pentru Europa"},"content":{"rendered":"\n<h3 class=\"wp-block-heading\" id=\"goals\"><\/h3>\n\n<div class=\"wp-block-media-text is-stacked-on-mobile\"><figure class=\"wp-block-media-text__media\"><a href=\"https:\/\/romaforeurope.org\/\"><img loading=\"lazy\" decoding=\"async\" width=\"622\" height=\"409\" src=\"https:\/\/roma.education\/wp-content\/uploads\/2025\/02\/ROMA_LOGO_full_white-black.png\" alt=\"\" class=\"wp-image-11556 size-full\" srcset=\"https:\/\/roma.education\/wp-content\/uploads\/2025\/02\/ROMA_LOGO_full_white-black.png 622w, https:\/\/roma.education\/wp-content\/uploads\/2025\/02\/ROMA_LOGO_full_white-black-300x197.png 300w\" sizes=\"auto, (max-width: 622px) 100vw, 622px\" \/><\/a><\/figure><div class=\"wp-block-media-text__content\">\n<p>&#8220;<strong>Funda\u021bia Romilor pentru Europa \u00ee\u0219i propune s\u0103 construiasc\u0103 un ecosistem bazat pe talentul, \u00een\u021belepciunea, for\u021ba, competen\u021ba \u0219i rezilien\u021ba romilor, ca o for\u021b\u0103 colectiv\u0103 de combatere a rasismului, priva\u021biunilor economice, excluziunii politice \u0219i subjug\u0103rii culturale. Ne propunem s\u0103 combin\u0103m poten\u021bialul comunit\u0103\u021bilor rome, at\u00e2t ca aleg\u0103tori, c\u00e2t \u0219i ca for\u021b\u0103 de munc\u0103, cu vocile sus\u021bin\u0103torilor romilor, ale alia\u021bilor care \u00eei sprijin\u0103 \u0219i ale prietenilor influen\u021bi&#8221;. <\/strong><\/p>\n<\/div><\/div>\n\n<p><br\/><\/p>\n","protected":false},"excerpt":{"rendered":"<p>&#8220;Funda\u021bia Romilor pentru Europa \u00ee\u0219i propune s\u0103 construiasc\u0103 un ecosistem bazat pe talentul, \u00een\u021belepciunea, for\u021ba, competen\u021ba \u0219i rezilien\u021ba romilor, ca o for\u021b\u0103 colectiv\u0103 de combatere a rasismului, priva\u021biunilor economice, excluziunii politice \u0219i subjug\u0103rii culturale. Ne propunem s\u0103 combin\u0103m poten\u021bialul comunit\u0103\u021bilor rome, at\u00e2t ca aleg\u0103tori, c\u00e2t \u0219i ca for\u021b\u0103 de munc\u0103, cu vocile sus\u021bin\u0103torilor romilor, ale <a class=\"read-more-link\" href=\"https:\/\/roma.education\/ro\/roma-for-europe-foundation\/\" title=\"Funda\u021bia Romilor pentru Europa\" rel=\"bookmark\" aria-label=\"[Cite\u0219te mai mult]\">[Cite\u0219te mai mult]<\/a><\/p>\n","protected":false},"author":1,"featured_media":0,"parent":0,"menu_order":0,"comment_status":"closed","ping_status":"closed","template":"","meta":{"_acf_changed":false,"footnotes":""},"class_list":["post-6365","page","type-page","status-publish","hentry"],"acf":[],"_links":{"self":[{"href":"https:\/\/roma.education\/ro\/wp-json\/wp\/v2\/pages\/6365","targetHints":{"allow":["GET"]}}],"collection":[{"href":"https:\/\/roma.education\/ro\/wp-json\/wp\/v2\/pages"}],"about":[{"href":"https:\/\/roma.education\/ro\/wp-json\/wp\/v2\/types\/page"}],"author":[{"embeddable":true,"href":"https:\/\/roma.education\/ro\/wp-json\/wp\/v2\/users\/1"}],"replies":[{"embeddable":true,"href":"https:\/\/roma.education\/ro\/wp-json\/wp\/v2\/comments?post=6365"}],"version-history":[{"count":4,"href":"https:\/\/roma.education\/ro\/wp-json\/wp\/v2\/pages\/6365\/revisions"}],"predecessor-version":[{"id":18412,"href":"https:\/\/roma.education\/ro\/wp-json\/wp\/v2\/pages\/6365\/revisions\/18412"}],"wp:attachment":[{"href":"https:\/\/roma.education\/ro\/wp-json\/wp\/v2\/media?parent=6365"}],"curies":[{"name":"wp","href":"https:\/\/api.w.org\/{rel}","templated":true}]}}