{"id":6367,"date":"2024-02-09T17:56:53","date_gmt":"2024-02-09T17:56:53","guid":{"rendered":"https:\/\/roma.education\/?page_id=6367"},"modified":"2025-05-19T13:02:24","modified_gmt":"2025-05-19T13:02:24","slug":"redi","status":"publish","type":"page","link":"https:\/\/roma.education\/ro\/redi\/","title":{"rendered":"REDI &#8211; Ini\u021biativa de dezvoltare a antreprenoriatului rom"},"content":{"rendered":"\n<p><\/p>\n\n<div class=\"wp-block-media-text is-stacked-on-mobile\"><figure class=\"wp-block-media-text__media\"><a href=\"https:\/\/redi-ngo.eu\/\"><img loading=\"lazy\" decoding=\"async\" width=\"1024\" height=\"1024\" src=\"https:\/\/roma.education\/wp-content\/uploads\/2025\/02\/REDI-1024x1024.jpg\" alt=\"\" class=\"wp-image-11528 size-full\" srcset=\"https:\/\/roma.education\/wp-content\/uploads\/2025\/02\/REDI-1024x1024.jpg 1024w, https:\/\/roma.education\/wp-content\/uploads\/2025\/02\/REDI-300x300.jpg 300w, https:\/\/roma.education\/wp-content\/uploads\/2025\/02\/REDI-150x150.jpg 150w, https:\/\/roma.education\/wp-content\/uploads\/2025\/02\/REDI-768x768.jpg 768w, https:\/\/roma.education\/wp-content\/uploads\/2025\/02\/REDI-1536x1536.jpg 1536w, https:\/\/roma.education\/wp-content\/uploads\/2025\/02\/REDI.jpg 1638w\" sizes=\"auto, (max-width: 1024px) 100vw, 1024px\" \/><\/a><\/figure><div class=\"wp-block-media-text__content\">\n<p>este un constructor de ecosisteme care se concentreaz\u0103 pe dezvoltarea de instrumente pentru a spori \u00eemputernicirea economic\u0103 a comunit\u0103\u021bilor vulnerabile. &#8220;Condus\u0103 de o echip\u0103 de tineri profesioni\u0219ti romi din diferite \u021b\u0103ri europene, REDI \u00ee\u0219i propune s\u0103 ofere acces la finan\u021bare la pre\u021buri accesibile pentru antreprenorii romi din Europa Central\u0103, de Est \u0219i Balcani \u0219i s\u0103 ofere asisten\u021b\u0103 tehnic\u0103 pentru grupul selectat de antreprenori pentru a-\u0219i spori expertiza \u0219i competen\u021bele. REDI este prima institu\u021bie dedicat\u0103 facilit\u0103rii finan\u021b\u0103rii pentru \u00eenfiin\u021barea de noi \u00eentreprinderi \u0219i afaceri \u00een r\u00e2ndul celui mai vulnerabil grup din Europa &#8211; popula\u021bia rom\u0103, valorific\u00e2nd prezen\u021ba pe teren \u0219i rela\u021biile institu\u021bionale. Credem c\u0103 permiterea antreprenorilor s\u0103 dezvolte o afacere va duce la ocuparea for\u021bei de munc\u0103 pe termen lung \u0219i la cre\u0219terea oportunit\u0103\u021bilor de angajare \u00een comunit\u0103\u021bi&#8221;. <\/p>\n<\/div><\/div>\n","protected":false},"excerpt":{"rendered":"<p>este un constructor de ecosisteme care se concentreaz\u0103 pe dezvoltarea de instrumente pentru a spori \u00eemputernicirea economic\u0103 a comunit\u0103\u021bilor vulnerabile. &#8220;Condus\u0103 de o echip\u0103 de tineri profesioni\u0219ti romi din diferite \u021b\u0103ri europene, REDI \u00ee\u0219i propune s\u0103 ofere acces la finan\u021bare la pre\u021buri accesibile pentru antreprenorii romi din Europa Central\u0103, de Est \u0219i Balcani \u0219i s\u0103 <a class=\"read-more-link\" href=\"https:\/\/roma.education\/ro\/redi\/\" title=\"REDI &#8211; Ini\u021biativa de dezvoltare a antreprenoriatului rom\" rel=\"bookmark\" aria-label=\"[Cite\u0219te mai mult]\">[Cite\u0219te mai mult]<\/a><\/p>\n","protected":false},"author":1,"featured_media":0,"parent":0,"menu_order":0,"comment_status":"closed","ping_status":"closed","template":"","meta":{"_acf_changed":false,"footnotes":""},"class_list":["post-6367","page","type-page","status-publish","hentry"],"acf":[],"_links":{"self":[{"href":"https:\/\/roma.education\/ro\/wp-json\/wp\/v2\/pages\/6367","targetHints":{"allow":["GET"]}}],"collection":[{"href":"https:\/\/roma.education\/ro\/wp-json\/wp\/v2\/pages"}],"about":[{"href":"https:\/\/roma.education\/ro\/wp-json\/wp\/v2\/types\/page"}],"author":[{"embeddable":true,"href":"https:\/\/roma.education\/ro\/wp-json\/wp\/v2\/users\/1"}],"replies":[{"embeddable":true,"href":"https:\/\/roma.education\/ro\/wp-json\/wp\/v2\/comments?post=6367"}],"version-history":[{"count":3,"href":"https:\/\/roma.education\/ro\/wp-json\/wp\/v2\/pages\/6367\/revisions"}],"predecessor-version":[{"id":18408,"href":"https:\/\/roma.education\/ro\/wp-json\/wp\/v2\/pages\/6367\/revisions\/18408"}],"wp:attachment":[{"href":"https:\/\/roma.education\/ro\/wp-json\/wp\/v2\/media?parent=6367"}],"curies":[{"name":"wp","href":"https:\/\/api.w.org\/{rel}","templated":true}]}}