{"id":6369,"date":"2024-02-09T17:57:47","date_gmt":"2024-02-09T17:57:47","guid":{"rendered":"https:\/\/roma.education\/?page_id=6369"},"modified":"2025-05-19T12:34:38","modified_gmt":"2025-05-19T12:34:38","slug":"eriac","status":"publish","type":"page","link":"https:\/\/roma.education\/ro\/eriac\/","title":{"rendered":"ERIAC &#8211; Institutul European al Romilor pentru Arte \u0219i Cultur\u0103"},"content":{"rendered":"\n<p><\/p>\n\n<div class=\"wp-block-media-text is-stacked-on-mobile\"><figure class=\"wp-block-media-text__media\"><a href=\"https:\/\/eriac.org\/\"><img loading=\"lazy\" decoding=\"async\" width=\"1024\" height=\"470\" src=\"https:\/\/roma.education\/wp-content\/uploads\/2025\/02\/eriac_logo_blk-1024x470.jpg\" alt=\"\" class=\"wp-image-11537 size-full\" srcset=\"https:\/\/roma.education\/wp-content\/uploads\/2025\/02\/eriac_logo_blk-1024x470.jpg 1024w, https:\/\/roma.education\/wp-content\/uploads\/2025\/02\/eriac_logo_blk-300x138.jpg 300w, https:\/\/roma.education\/wp-content\/uploads\/2025\/02\/eriac_logo_blk-768x353.jpg 768w, https:\/\/roma.education\/wp-content\/uploads\/2025\/02\/eriac_logo_blk-1536x706.jpg 1536w, https:\/\/roma.education\/wp-content\/uploads\/2025\/02\/eriac_logo_blk-2048x941.jpg 2048w\" sizes=\"auto, (max-width: 1024px) 100vw, 1024px\" \/><\/a><\/figure><div class=\"wp-block-media-text__content\">\n<p>&#8220;ERIAC are un mandat unic \u0219i unic \u00een calitate de organiza\u021bie transna\u021bional\u0103, la nivel european, pentru recunoa\u0219terea artelor \u0219i culturii romilor.<br\/>Institutul European al Romilor pentru Arte \u0219i Cultur\u0103 e.V. (ERIAC) este o ini\u021biativ\u0103 comun\u0103 a Consiliului Europei, Open Society Foundations \u0219i ini\u021biativa liderilor romi &#8211; Alian\u021ba pentru Institutul European al Romilor pentru Arte \u0219i Cultur\u0103. ERIAC este o asocia\u021bie \u00eenregistrat\u0103 \u00een conformitate cu legisla\u021bia german\u0103 \u00een aprilie 2017, \u00een Berlin, Germania. ERIAC s-a lansat \u00een iunie 2017.<br\/>ERIAC exist\u0103 pentru a cre\u0219te stima de sine a romilor \u0219i pentru a diminua prejudec\u0103\u021bile negative ale popula\u021biei majoritare fa\u021b\u0103 de romi prin intermediul artelor, culturii, istoriei \u0219i mass-media&#8221;  <\/p>\n<\/div><\/div>\n","protected":false},"excerpt":{"rendered":"<p>&#8220;ERIAC are un mandat unic \u0219i unic \u00een calitate de organiza\u021bie transna\u021bional\u0103, la nivel european, pentru recunoa\u0219terea artelor \u0219i culturii romilor.Institutul European al Romilor pentru Arte \u0219i Cultur\u0103 e.V. (ERIAC) este o ini\u021biativ\u0103 comun\u0103 a Consiliului Europei, Open Society Foundations \u0219i ini\u021biativa liderilor romi &#8211; Alian\u021ba pentru Institutul European al Romilor pentru Arte \u0219i Cultur\u0103. <a class=\"read-more-link\" href=\"https:\/\/roma.education\/ro\/eriac\/\" title=\"ERIAC &#8211; Institutul European al Romilor pentru Arte \u0219i Cultur\u0103\" rel=\"bookmark\" aria-label=\"[Cite\u0219te mai mult]\">[Cite\u0219te mai mult]<\/a><\/p>\n","protected":false},"author":1,"featured_media":0,"parent":0,"menu_order":0,"comment_status":"closed","ping_status":"closed","template":"","meta":{"_acf_changed":false,"footnotes":""},"class_list":["post-6369","page","type-page","status-publish","hentry"],"acf":[],"_links":{"self":[{"href":"https:\/\/roma.education\/ro\/wp-json\/wp\/v2\/pages\/6369","targetHints":{"allow":["GET"]}}],"collection":[{"href":"https:\/\/roma.education\/ro\/wp-json\/wp\/v2\/pages"}],"about":[{"href":"https:\/\/roma.education\/ro\/wp-json\/wp\/v2\/types\/page"}],"author":[{"embeddable":true,"href":"https:\/\/roma.education\/ro\/wp-json\/wp\/v2\/users\/1"}],"replies":[{"embeddable":true,"href":"https:\/\/roma.education\/ro\/wp-json\/wp\/v2\/comments?post=6369"}],"version-history":[{"count":3,"href":"https:\/\/roma.education\/ro\/wp-json\/wp\/v2\/pages\/6369\/revisions"}],"predecessor-version":[{"id":18388,"href":"https:\/\/roma.education\/ro\/wp-json\/wp\/v2\/pages\/6369\/revisions\/18388"}],"wp:attachment":[{"href":"https:\/\/roma.education\/ro\/wp-json\/wp\/v2\/media?parent=6369"}],"curies":[{"name":"wp","href":"https:\/\/api.w.org\/{rel}","templated":true}]}}