{"id":6371,"date":"2024-02-09T17:59:16","date_gmt":"2024-02-09T17:59:16","guid":{"rendered":"https:\/\/roma.education\/?page_id=6371"},"modified":"2025-05-19T13:00:35","modified_gmt":"2025-05-19T13:00:35","slug":"donors","status":"publish","type":"page","link":"https:\/\/roma.education\/ro\/donors\/","title":{"rendered":"Donatori"},"content":{"rendered":"\n<p>\u00cen spatele fiec\u0103rui pas semnificativ pe care \u00eel facem spre \u00eendeplinirea misiunii noastre se afl\u0103 sprijinul generos al persoanelor \u0219i organiza\u021biilor care cred \u00een cauza noastr\u0103.<\/p>\n","protected":false},"excerpt":{"rendered":"<p>\u00cen spatele fiec\u0103rui pas semnificativ pe care \u00eel facem spre \u00eendeplinirea misiunii noastre se afl\u0103 sprijinul generos al persoanelor \u0219i organiza\u021biilor care cred \u00een cauza noastr\u0103.<\/p>\n","protected":false},"author":1,"featured_media":0,"parent":0,"menu_order":0,"comment_status":"closed","ping_status":"closed","template":"","meta":{"_acf_changed":false,"footnotes":""},"class_list":["post-6371","page","type-page","status-publish","hentry"],"acf":[],"_links":{"self":[{"href":"https:\/\/roma.education\/ro\/wp-json\/wp\/v2\/pages\/6371","targetHints":{"allow":["GET"]}}],"collection":[{"href":"https:\/\/roma.education\/ro\/wp-json\/wp\/v2\/pages"}],"about":[{"href":"https:\/\/roma.education\/ro\/wp-json\/wp\/v2\/types\/page"}],"author":[{"embeddable":true,"href":"https:\/\/roma.education\/ro\/wp-json\/wp\/v2\/users\/1"}],"replies":[{"embeddable":true,"href":"https:\/\/roma.education\/ro\/wp-json\/wp\/v2\/comments?post=6371"}],"version-history":[{"count":4,"href":"https:\/\/roma.education\/ro\/wp-json\/wp\/v2\/pages\/6371\/revisions"}],"predecessor-version":[{"id":18390,"href":"https:\/\/roma.education\/ro\/wp-json\/wp\/v2\/pages\/6371\/revisions\/18390"}],"wp:attachment":[{"href":"https:\/\/roma.education\/ro\/wp-json\/wp\/v2\/media?parent=6371"}],"curies":[{"name":"wp","href":"https:\/\/api.w.org\/{rel}","templated":true}]}}