{"id":7734,"date":"2024-02-15T10:35:32","date_gmt":"2024-02-15T10:35:32","guid":{"rendered":"https:\/\/roma.education\/doneaza\/"},"modified":"2025-05-19T11:14:33","modified_gmt":"2025-05-19T11:14:33","slug":"donate","status":"publish","type":"page","link":"https:\/\/roma.education\/ro\/donate\/","title":{"rendered":"Doneaz\u0103"},"content":{"rendered":"\n<p class=\"has-vivid-red-color has-text-color has-link-color wp-elements-c02bfe5cbda78299264879c50ab626c6\"><strong>Dac\u0103 dori\u021bi s\u0103 sprijini\u021bi activitatea noastr\u0103, v\u0103 rug\u0103m s\u0103 lua\u021bi \u00een considerare posibilitatea de a face o dona\u021bie c\u0103tre:  <\/strong><\/p>\n\n<p><strong>Raiffeisen Bank | RO98 RZBR 0000 0600 2051 8203 (EUR)  <\/strong><\/p>\n\n<p><strong>Titular de cont | Roma Education Fund Rom\u00e2nia  <\/strong><\/p>\n\n<p><strong>Strada Locotenent Sachelarie Visarion nr. 63, 021694, Bucure\u0219ti, Rom\u00e2nia.<\/strong><\/p>\n<div class=\"wp-block-image\">\n<figure class=\"aligncenter size-large\"><img loading=\"lazy\" decoding=\"async\" width=\"1024\" height=\"683\" src=\"https:\/\/roma.education\/wp-content\/uploads\/2025\/02\/STA_3162-1024x683.jpg\" alt=\"\" class=\"wp-image-11818\" srcset=\"https:\/\/roma.education\/wp-content\/uploads\/2025\/02\/STA_3162-1024x683.jpg 1024w, https:\/\/roma.education\/wp-content\/uploads\/2025\/02\/STA_3162-300x200.jpg 300w, https:\/\/roma.education\/wp-content\/uploads\/2025\/02\/STA_3162-768x512.jpg 768w, https:\/\/roma.education\/wp-content\/uploads\/2025\/02\/STA_3162-1536x1024.jpg 1536w, https:\/\/roma.education\/wp-content\/uploads\/2025\/02\/STA_3162-2048x1366.jpg 2048w\" sizes=\"auto, (max-width: 1024px) 100vw, 1024px\" \/><figcaption class=\"wp-element-caption\">Copii \u0219i membri ai familiilor particip\u0103 la activit\u0103\u021bi la Centrul One Stop Shop din Bucure\u0219ti pe 2025.02.12. Foto: Akos Stiller <\/figcaption><\/figure>\n<\/div>","protected":false},"excerpt":{"rendered":"<p>Dac\u0103 dori\u021bi s\u0103 sprijini\u021bi activitatea noastr\u0103, v\u0103 rug\u0103m s\u0103 lua\u021bi \u00een considerare posibilitatea de a face o dona\u021bie c\u0103tre: Raiffeisen Bank | RO98 RZBR 0000 0600 2051 8203 (EUR) Titular de cont | Roma Education Fund Rom\u00e2nia Strada Locotenent Sachelarie Visarion nr. 63, 021694, Bucure\u0219ti, Rom\u00e2nia.<\/p>\n","protected":false},"author":1,"featured_media":0,"parent":0,"menu_order":0,"comment_status":"closed","ping_status":"closed","template":"","meta":{"_acf_changed":false,"footnotes":""},"class_list":["post-7734","page","type-page","status-publish","hentry"],"acf":[],"_links":{"self":[{"href":"https:\/\/roma.education\/ro\/wp-json\/wp\/v2\/pages\/7734","targetHints":{"allow":["GET"]}}],"collection":[{"href":"https:\/\/roma.education\/ro\/wp-json\/wp\/v2\/pages"}],"about":[{"href":"https:\/\/roma.education\/ro\/wp-json\/wp\/v2\/types\/page"}],"author":[{"embeddable":true,"href":"https:\/\/roma.education\/ro\/wp-json\/wp\/v2\/users\/1"}],"replies":[{"embeddable":true,"href":"https:\/\/roma.education\/ro\/wp-json\/wp\/v2\/comments?post=7734"}],"version-history":[{"count":4,"href":"https:\/\/roma.education\/ro\/wp-json\/wp\/v2\/pages\/7734\/revisions"}],"predecessor-version":[{"id":18369,"href":"https:\/\/roma.education\/ro\/wp-json\/wp\/v2\/pages\/7734\/revisions\/18369"}],"wp:attachment":[{"href":"https:\/\/roma.education\/ro\/wp-json\/wp\/v2\/media?parent=7734"}],"curies":[{"name":"wp","href":"https:\/\/api.w.org\/{rel}","templated":true}]}}