{"id":8562,"date":"2024-02-09T13:20:47","date_gmt":"2024-02-09T13:20:47","guid":{"rendered":"https:\/\/roma.education\/misiuni-si-valori\/"},"modified":"2025-05-15T07:28:37","modified_gmt":"2025-05-15T07:28:37","slug":"value-mission","status":"publish","type":"page","link":"https:\/\/roma.education\/ro\/value-mission\/","title":{"rendered":"Misiune"},"content":{"rendered":"\n<p class=\"has-text-align-center has-vivid-red-color has-text-color has-link-color wp-elements-be3c7e59701f93985ba7d8b7938ed1fd\"><strong>CONSTRUIREA UNOR COMUNIT\u0102\u021aI ROME REZILIENTE PRIN EDUCA\u021aIE<\/strong><\/p>\n\n<h2 class=\"wp-block-heading\"><strong>Povestea noastr\u0103<\/strong><\/h2>\n\n<p>\u00cenfiin\u021bat \u00een 2005 printr-un parteneriat \u00eentre Banca Mondial\u0103 \u0219i Open Society Foundations, Roma Education Fund \u0219i-a dedicat ultimele dou\u0103 decenii \u00eemputernicirii persoanelor de etnie rom\u0103 prin educa\u021bie. Cu peste 120 de milioane de euro investite \u00een diverse ini\u021biative, REF a atins vie\u021bile a peste 100 000 de persoane de etnie rom\u0103 de toate v\u00e2rstele din 16 \u021b\u0103ri. Aceast\u0103 activitate de impact este posibil\u0103 datorit\u0103 sprijinului generos al unor organiza\u021bii precum Open Society Foundations, Banca Mondial\u0103, Funda\u021bia EVZ, EEA \u0219i Norway Grants, Agen\u021bia Austriac\u0103 pentru Dezvoltare (ADA), Banca de Dezvoltare a Consiliului Europei (CEB), Agen\u021bia Suedez\u0103 de Cooperare Interna\u021bional\u0103 pentru Dezvoltare (SIDA), Guvernul Germaniei &#8211; Ministerul pentru Cooperare \u0219i Dezvoltare Economic\u0103, Uniunea European\u0103 prin Programul Opera\u021bional Resurse Umane, Funda\u021biile VELUX \u0219i multe altele.    <\/p>\n\n<figure class=\"wp-block-image size-large\"><img loading=\"lazy\" decoding=\"async\" width=\"1024\" height=\"683\" src=\"https:\/\/roma.education\/wp-content\/uploads\/2025\/02\/STA_3857-1024x683.jpg\" alt=\"\" class=\"wp-image-11783\" srcset=\"https:\/\/roma.education\/wp-content\/uploads\/2025\/02\/STA_3857-1024x683.jpg 1024w, https:\/\/roma.education\/wp-content\/uploads\/2025\/02\/STA_3857-300x200.jpg 300w, https:\/\/roma.education\/wp-content\/uploads\/2025\/02\/STA_3857-768x512.jpg 768w, https:\/\/roma.education\/wp-content\/uploads\/2025\/02\/STA_3857-1536x1024.jpg 1536w, https:\/\/roma.education\/wp-content\/uploads\/2025\/02\/STA_3857-2048x1366.jpg 2048w\" sizes=\"auto, (max-width: 1024px) 100vw, 1024px\" \/><figcaption class=\"wp-element-caption\">Refugiat rom particip\u00e2nd la un curs de informatic\u0103 \u00een Bucure\u0219ti, Rom\u00e2nia, februarie 2025. Fotografie de Akos Stiller. <\/figcaption><\/figure>\n\n<p>Accept\u00e2ndu-\u0219i <strong>noua misiune<\/strong>, echipele Funda\u021biei din patru \u021b\u0103ri &#8211; Rom\u00e2nia, Slovacia, Serbia \u0219i Macedonia de Nord &#8211; colaboreaz\u0103 \u00eendeaproape cu comunit\u0103\u021bile de romi pentru a atinge trei obiective strategice cheie pe termen lung:<\/p>\n\n<p>(1) Crearea de modele educa\u021bionale complementare bazate pe comunitate pentru a consolida rezilien\u021ba comunit\u0103\u021bilor de romi;  <\/p>\n\n<p>(2) Crearea unor modele eficiente de ocupare a for\u021bei de munc\u0103 pentru romi pe pie\u021be ale muncii \u00een continu\u0103 evolu\u021bie;  <\/p>\n\n<p>(3) Sporirea capitalului uman al romilor prin investi\u021bii specifice \u00een educa\u021bie \u0219i dezvoltarea leadershipului.<\/p>\n\n<h5 class=\"wp-block-heading has-text-align-center\">Viziunea noastr\u0103 este de a crea un mediu de sus\u021binere pentru fiecare copil, t\u00e2n\u0103r \u0219i p\u0103rinte, oferindu-le posibilitatea de a-\u0219i dezvolta rezilien\u021ba personal\u0103 \u00een societ\u0103\u021bi \u00een schimbare rapid\u0103.<\/h5>\n<div class=\"wp-block-image\">\n<figure class=\"aligncenter size-large is-resized\"><img loading=\"lazy\" decoding=\"async\" width=\"1024\" height=\"845\" src=\"https:\/\/roma.education\/wp-content\/uploads\/2025\/02\/REFs-Strategy-3-1024x845.png\" alt=\"\" class=\"wp-image-11797\" style=\"width:600px;height:auto\" srcset=\"https:\/\/roma.education\/wp-content\/uploads\/2025\/02\/REFs-Strategy-3-1024x845.png 1024w, https:\/\/roma.education\/wp-content\/uploads\/2025\/02\/REFs-Strategy-3-300x248.png 300w, https:\/\/roma.education\/wp-content\/uploads\/2025\/02\/REFs-Strategy-3-768x634.png 768w, https:\/\/roma.education\/wp-content\/uploads\/2025\/02\/REFs-Strategy-3-1536x1268.png 1536w, https:\/\/roma.education\/wp-content\/uploads\/2025\/02\/REFs-Strategy-3-2048x1690.png 2048w\" sizes=\"auto, (max-width: 1024px) 100vw, 1024px\" \/><\/figure>\n<\/div>\n<h4 class=\"wp-block-heading\">Re\u021beaua Romi pentru Europa, un parteneriat solid cu obiective comune<\/h4>\n\n<p>Misiunea REF este un efort colectiv. Prin unirea for\u021belor cu Re\u021beaua Romi pentru Europa, REF \u00ee\u0219i amplific\u0103 impactul \u0219i \u00eembr\u0103\u021bi\u0219eaz\u0103 noua sa direc\u021bie strategic\u0103. \u00cen parteneriat cu <a href=\"https:\/\/eriac.org\/\">Institutul European pentru Arte \u0219i Cultur\u0103 al Romilor<\/a>, <a href=\"https:\/\/redi-ngo.eu\/\">Ini\u021biativa pentru Dezvoltarea Antreprenoriatului Romilor<\/a>, <a href=\"https:\/\/romaforeurope.org\/\">Funda\u021bia Romilor pentru Europa<\/a> \u0219i Romii pentru Democra\u021bie, valorific\u0103m puterea re\u021belelor pentru a construi o Europ\u0103 mai str\u0103lucitoare \u0219i mai incluziv\u0103. \u00cempreun\u0103, suntem mai puternici \u0219i mai capabili s\u0103 determin\u0103m schimb\u0103ri semnificative.   <\/p>\n","protected":false},"excerpt":{"rendered":"<p>CONSTRUIREA UNOR COMUNIT\u0102\u021aI ROME REZILIENTE PRIN EDUCA\u021aIE Povestea noastr\u0103 \u00cenfiin\u021bat \u00een 2005 printr-un parteneriat \u00eentre Banca Mondial\u0103 \u0219i Open Society Foundations, Roma Education Fund \u0219i-a dedicat ultimele dou\u0103 decenii \u00eemputernicirii persoanelor de etnie rom\u0103 prin educa\u021bie. Cu peste 120 de milioane de euro investite \u00een diverse ini\u021biative, REF a atins vie\u021bile a peste 100 000 <a class=\"read-more-link\" href=\"https:\/\/roma.education\/ro\/value-mission\/\" title=\"Misiune\" rel=\"bookmark\" aria-label=\"[Cite\u0219te mai mult]\">[Cite\u0219te mai mult]<\/a><\/p>\n","protected":false},"author":1,"featured_media":0,"parent":0,"menu_order":0,"comment_status":"closed","ping_status":"closed","template":"","meta":{"_acf_changed":false,"footnotes":""},"class_list":["post-8562","page","type-page","status-publish","hentry"],"acf":[],"_links":{"self":[{"href":"https:\/\/roma.education\/ro\/wp-json\/wp\/v2\/pages\/8562","targetHints":{"allow":["GET"]}}],"collection":[{"href":"https:\/\/roma.education\/ro\/wp-json\/wp\/v2\/pages"}],"about":[{"href":"https:\/\/roma.education\/ro\/wp-json\/wp\/v2\/types\/page"}],"author":[{"embeddable":true,"href":"https:\/\/roma.education\/ro\/wp-json\/wp\/v2\/users\/1"}],"replies":[{"embeddable":true,"href":"https:\/\/roma.education\/ro\/wp-json\/wp\/v2\/comments?post=8562"}],"version-history":[{"count":5,"href":"https:\/\/roma.education\/ro\/wp-json\/wp\/v2\/pages\/8562\/revisions"}],"predecessor-version":[{"id":18244,"href":"https:\/\/roma.education\/ro\/wp-json\/wp\/v2\/pages\/8562\/revisions\/18244"}],"wp:attachment":[{"href":"https:\/\/roma.education\/ro\/wp-json\/wp\/v2\/media?parent=8562"}],"curies":[{"name":"wp","href":"https:\/\/api.w.org\/{rel}","templated":true}]}}