{"id":18405,"date":"2024-10-18T11:18:50","date_gmt":"2024-10-18T11:18:50","guid":{"rendered":"https:\/\/roma.education\/roma-for-democracy\/"},"modified":"2025-05-19T13:02:24","modified_gmt":"2025-05-19T13:02:24","slug":"roma-for-democracy","status":"publish","type":"page","link":"https:\/\/roma.education\/sk\/roma-for-democracy\/","title":{"rendered":"R\u00f3movia za demokraciu"},"content":{"rendered":"\n<p><\/p>\n\n<div class=\"wp-block-media-text is-stacked-on-mobile\"><figure class=\"wp-block-media-text__media\"><img loading=\"lazy\" decoding=\"async\" width=\"1021\" height=\"1024\" src=\"https:\/\/roma.education\/wp-content\/uploads\/2025\/02\/RFD-1021x1024.jpg\" alt=\"\" class=\"wp-image-11564 size-full\" srcset=\"https:\/\/roma.education\/wp-content\/uploads\/2025\/02\/RFD-1021x1024.jpg 1021w, https:\/\/roma.education\/wp-content\/uploads\/2025\/02\/RFD-300x300.jpg 300w, https:\/\/roma.education\/wp-content\/uploads\/2025\/02\/RFD-150x150.jpg 150w, https:\/\/roma.education\/wp-content\/uploads\/2025\/02\/RFD-768x771.jpg 768w, https:\/\/roma.education\/wp-content\/uploads\/2025\/02\/RFD-1531x1536.jpg 1531w, https:\/\/roma.education\/wp-content\/uploads\/2025\/02\/RFD.jpg 2041w\" sizes=\"auto, (max-width: 1021px) 100vw, 1021px\" \/><\/figure><div class=\"wp-block-media-text__content\">\n<p><strong>R\u00f3movia za demokraciu (RFD<\/strong> ) posil\u0148uje a roz\u0161iruje politick\u00fd hlas a moc 12 mili\u00f3nov R\u00f3mov v Eur\u00f3pe, z ktor\u00fdch polovica s\u00fa ob\u010dania E\u00da. R\u00f3movia, ktor\u00fdch politick\u00e9 zast\u00fapenie je ove\u013ea ni\u017e\u0161ie ako ich pomern\u00fd po\u010det, \u010delia probl\u00e9mom, ako je kupovanie hlasov, zastra\u0161ovanie, nespravodliv\u00e9 volebn\u00e9 z\u00e1kony a slab\u00e1 ob\u010dianska organizovanos\u0165. Cie\u013eom RFD, ktor\u00e1 vznikla pod\u013ea vzoru politick\u00fdch nad\u00e1ci\u00ed v USA a Nemecku, je obhajova\u0165 demokraciu, slobodn\u00e9 vo\u013eby a ob\u010dianske pr\u00e1va R\u00f3mov. Jej pr\u00edstup sa s\u00fastre\u010fuje na tri k\u013e\u00fa\u010dov\u00e9 programy: vzdel\u00e1vanie voli\u010dov, demokratick\u00fd dial\u00f3g a zodpovednos\u0165 a politick\u00e9 zast\u00fapenie.   <\/p>\n<\/div><\/div>\n","protected":false},"excerpt":{"rendered":"<p>R\u00f3movia za demokraciu (RFD ) posil\u0148uje a roz\u0161iruje politick\u00fd hlas a moc 12 mili\u00f3nov R\u00f3mov v Eur\u00f3pe, z ktor\u00fdch polovica s\u00fa ob\u010dania E\u00da. R\u00f3movia, ktor\u00fdch politick\u00e9 zast\u00fapenie je ove\u013ea ni\u017e\u0161ie ako ich pomern\u00fd po\u010det, \u010delia probl\u00e9mom, ako je kupovanie hlasov, zastra\u0161ovanie, nespravodliv\u00e9 volebn\u00e9 z\u00e1kony a slab\u00e1 ob\u010dianska organizovanos\u0165. Cie\u013eom RFD, ktor\u00e1 vznikla pod\u013ea vzoru politick\u00fdch <a class=\"read-more-link\" href=\"https:\/\/roma.education\/sk\/roma-for-democracy\/\" title=\"R\u00f3movia za demokraciu\" rel=\"bookmark\" aria-label=\"[\u010c\u00edtaj viac]\">[\u010c\u00edtaj viac]<\/a><\/p>\n","protected":false},"author":1,"featured_media":0,"parent":0,"menu_order":0,"comment_status":"closed","ping_status":"closed","template":"","meta":{"_acf_changed":false,"footnotes":""},"class_list":["post-18405","page","type-page","status-publish","hentry"],"acf":[],"_links":{"self":[{"href":"https:\/\/roma.education\/sk\/wp-json\/wp\/v2\/pages\/18405","targetHints":{"allow":["GET"]}}],"collection":[{"href":"https:\/\/roma.education\/sk\/wp-json\/wp\/v2\/pages"}],"about":[{"href":"https:\/\/roma.education\/sk\/wp-json\/wp\/v2\/types\/page"}],"author":[{"embeddable":true,"href":"https:\/\/roma.education\/sk\/wp-json\/wp\/v2\/users\/1"}],"replies":[{"embeddable":true,"href":"https:\/\/roma.education\/sk\/wp-json\/wp\/v2\/comments?post=18405"}],"version-history":[{"count":1,"href":"https:\/\/roma.education\/sk\/wp-json\/wp\/v2\/pages\/18405\/revisions"}],"predecessor-version":[{"id":18406,"href":"https:\/\/roma.education\/sk\/wp-json\/wp\/v2\/pages\/18405\/revisions\/18406"}],"wp:attachment":[{"href":"https:\/\/roma.education\/sk\/wp-json\/wp\/v2\/media?parent=18405"}],"curies":[{"name":"wp","href":"https:\/\/api.w.org\/{rel}","templated":true}]}}