{"id":8589,"date":"2024-02-15T10:35:32","date_gmt":"2024-02-15T10:35:32","guid":{"rendered":"https:\/\/roma.education\/darujte\/"},"modified":"2025-05-19T11:14:55","modified_gmt":"2025-05-19T11:14:55","slug":"donate","status":"publish","type":"page","link":"https:\/\/roma.education\/sk\/donate\/","title":{"rendered":"Darujte"},"content":{"rendered":"\n<p class=\"has-vivid-red-color has-text-color has-link-color wp-elements-3669484a30db8362f8f6f74159221e66\"><strong>Ak by ste chceli podpori\u0165 na\u0161u pr\u00e1cu, zv\u00e1\u017ete mo\u017enos\u0165 prispie\u0165 na:  <\/strong><\/p>\n\n<p><strong>Raiffeisen Bank | RO98 RZBR 0000 0600 2051 8203 (EUR)  <\/strong><\/p>\n\n<p><strong>Majite\u013e \u00fa\u010dtu | Roma Education Fund Romania  <\/strong><\/p>\n\n<p><strong>63 Locotenent Sachelarie Visarion street, 021694, Bukure\u0161\u0165, Rumunsko.<\/strong><\/p>\n<div class=\"wp-block-image\">\n<figure class=\"aligncenter size-large\"><img loading=\"lazy\" decoding=\"async\" width=\"1024\" height=\"683\" src=\"https:\/\/roma.education\/wp-content\/uploads\/2025\/02\/STA_3162-1024x683.jpg\" alt=\"\" class=\"wp-image-11818\" srcset=\"https:\/\/roma.education\/wp-content\/uploads\/2025\/02\/STA_3162-1024x683.jpg 1024w, https:\/\/roma.education\/wp-content\/uploads\/2025\/02\/STA_3162-300x200.jpg 300w, https:\/\/roma.education\/wp-content\/uploads\/2025\/02\/STA_3162-768x512.jpg 768w, https:\/\/roma.education\/wp-content\/uploads\/2025\/02\/STA_3162-1536x1024.jpg 1536w, https:\/\/roma.education\/wp-content\/uploads\/2025\/02\/STA_3162-2048x1366.jpg 2048w\" sizes=\"auto, (max-width: 1024px) 100vw, 1024px\" \/><figcaption class=\"wp-element-caption\">Deti a rodinn\u00ed pr\u00edslu\u0161n\u00edci sa z\u00fa\u010dast\u0148uj\u00fa na aktivit\u00e1ch v centre One Stop Shop v Bukure\u0161ti 2025.02.12. Foto: Akos Stiller <\/figcaption><\/figure>\n<\/div>","protected":false},"excerpt":{"rendered":"<p>Ak by ste chceli podpori\u0165 na\u0161u pr\u00e1cu, zv\u00e1\u017ete mo\u017enos\u0165 prispie\u0165 na: Raiffeisen Bank | RO98 RZBR 0000 0600 2051 8203 (EUR) Majite\u013e \u00fa\u010dtu | Roma Education Fund Romania 63 Locotenent Sachelarie Visarion street, 021694, Bukure\u0161\u0165, Rumunsko.<\/p>\n","protected":false},"author":1,"featured_media":0,"parent":0,"menu_order":0,"comment_status":"closed","ping_status":"closed","template":"","meta":{"_acf_changed":false,"footnotes":""},"class_list":["post-8589","page","type-page","status-publish","hentry"],"acf":[],"_links":{"self":[{"href":"https:\/\/roma.education\/sk\/wp-json\/wp\/v2\/pages\/8589","targetHints":{"allow":["GET"]}}],"collection":[{"href":"https:\/\/roma.education\/sk\/wp-json\/wp\/v2\/pages"}],"about":[{"href":"https:\/\/roma.education\/sk\/wp-json\/wp\/v2\/types\/page"}],"author":[{"embeddable":true,"href":"https:\/\/roma.education\/sk\/wp-json\/wp\/v2\/users\/1"}],"replies":[{"embeddable":true,"href":"https:\/\/roma.education\/sk\/wp-json\/wp\/v2\/comments?post=8589"}],"version-history":[{"count":2,"href":"https:\/\/roma.education\/sk\/wp-json\/wp\/v2\/pages\/8589\/revisions"}],"predecessor-version":[{"id":18372,"href":"https:\/\/roma.education\/sk\/wp-json\/wp\/v2\/pages\/8589\/revisions\/18372"}],"wp:attachment":[{"href":"https:\/\/roma.education\/sk\/wp-json\/wp\/v2\/media?parent=8589"}],"curies":[{"name":"wp","href":"https:\/\/api.w.org\/{rel}","templated":true}]}}