{"id":8646,"date":"2024-02-09T17:56:21","date_gmt":"2024-02-09T17:56:21","guid":{"rendered":"https:\/\/roma.education\/nadacia-romovia-pre-europu\/"},"modified":"2025-05-19T13:02:28","modified_gmt":"2025-05-19T13:02:28","slug":"roma-for-europe-foundation","status":"publish","type":"page","link":"https:\/\/roma.education\/sk\/roma-for-europe-foundation\/","title":{"rendered":"R\u00f3mska nad\u00e1cia pre Eur\u00f3pu"},"content":{"rendered":"\n<h3 class=\"wp-block-heading\" id=\"goals\"><\/h3>\n\n<div class=\"wp-block-media-text is-stacked-on-mobile\"><figure class=\"wp-block-media-text__media\"><a href=\"https:\/\/romaforeurope.org\/\"><img loading=\"lazy\" decoding=\"async\" width=\"622\" height=\"409\" src=\"https:\/\/roma.education\/wp-content\/uploads\/2025\/02\/ROMA_LOGO_full_white-black.png\" alt=\"\" class=\"wp-image-11556 size-full\" srcset=\"https:\/\/roma.education\/wp-content\/uploads\/2025\/02\/ROMA_LOGO_full_white-black.png 622w, https:\/\/roma.education\/wp-content\/uploads\/2025\/02\/ROMA_LOGO_full_white-black-300x197.png 300w\" sizes=\"auto, (max-width: 622px) 100vw, 622px\" \/><\/a><\/figure><div class=\"wp-block-media-text__content\">\n<p>&#8220;<strong>R\u00f3mska nad\u00e1cia pre Eur\u00f3pu pracuje na budovan\u00ed ekosyst\u00e9mu zalo\u017een\u00e9ho na talente, m\u00fadrosti, sile, kompetencii a odolnosti R\u00f3mov ako kolekt\u00edvnej sily proti rasizmu, ekonomickej depriv\u00e1cii, politick\u00e9mu vyl\u00fa\u010deniu a kult\u00farnemu podmaneniu. Na\u0161\u00edm cie\u013eom je spoji\u0165 potenci\u00e1l r\u00f3mskych komun\u00edt ako voli\u010dov aj ako pracovnej sily s hlasmi r\u00f3mskych advok\u00e1tov, podporn\u00fdch spojencov a vplyvn\u00fdch priate\u013eov&#8221;. <\/strong><\/p>\n<\/div><\/div>\n\n<p><br\/><\/p>\n","protected":false},"excerpt":{"rendered":"<p>&#8220;R\u00f3mska nad\u00e1cia pre Eur\u00f3pu pracuje na budovan\u00ed ekosyst\u00e9mu zalo\u017een\u00e9ho na talente, m\u00fadrosti, sile, kompetencii a odolnosti R\u00f3mov ako kolekt\u00edvnej sily proti rasizmu, ekonomickej depriv\u00e1cii, politick\u00e9mu vyl\u00fa\u010deniu a kult\u00farnemu podmaneniu. Na\u0161\u00edm cie\u013eom je spoji\u0165 potenci\u00e1l r\u00f3mskych komun\u00edt ako voli\u010dov aj ako pracovnej sily s hlasmi r\u00f3mskych advok\u00e1tov, podporn\u00fdch spojencov a vplyvn\u00fdch priate\u013eov&#8221;.<\/p>\n","protected":false},"author":1,"featured_media":0,"parent":0,"menu_order":0,"comment_status":"closed","ping_status":"closed","template":"","meta":{"_acf_changed":false,"footnotes":""},"class_list":["post-8646","page","type-page","status-publish","hentry"],"acf":[],"_links":{"self":[{"href":"https:\/\/roma.education\/sk\/wp-json\/wp\/v2\/pages\/8646","targetHints":{"allow":["GET"]}}],"collection":[{"href":"https:\/\/roma.education\/sk\/wp-json\/wp\/v2\/pages"}],"about":[{"href":"https:\/\/roma.education\/sk\/wp-json\/wp\/v2\/types\/page"}],"author":[{"embeddable":true,"href":"https:\/\/roma.education\/sk\/wp-json\/wp\/v2\/users\/1"}],"replies":[{"embeddable":true,"href":"https:\/\/roma.education\/sk\/wp-json\/wp\/v2\/comments?post=8646"}],"version-history":[{"count":3,"href":"https:\/\/roma.education\/sk\/wp-json\/wp\/v2\/pages\/8646\/revisions"}],"predecessor-version":[{"id":18416,"href":"https:\/\/roma.education\/sk\/wp-json\/wp\/v2\/pages\/8646\/revisions\/18416"}],"wp:attachment":[{"href":"https:\/\/roma.education\/sk\/wp-json\/wp\/v2\/media?parent=8646"}],"curies":[{"name":"wp","href":"https:\/\/api.w.org\/{rel}","templated":true}]}}