{"id":8652,"date":"2024-02-09T17:48:14","date_gmt":"2024-02-09T17:48:14","guid":{"rendered":"https:\/\/roma.education\/zapadny-balkan-a-turecko\/"},"modified":"2024-02-17T17:29:00","modified_gmt":"2024-02-17T17:29:00","slug":"zapadny-balkan-a-turecko","status":"publish","type":"page","link":"https:\/\/roma.education\/sk\/zapadny-balkan-a-turecko\/","title":{"rendered":"Z\u00e1padn\u00fd Balk\u00e1n a Turecko"},"content":{"rendered":"","protected":false},"excerpt":{"rendered":"","protected":false},"author":1,"featured_media":0,"parent":0,"menu_order":0,"comment_status":"closed","ping_status":"closed","template":"","meta":{"_acf_changed":false,"footnotes":""},"class_list":["post-8652","page","type-page","status-publish","hentry"],"acf":[],"_links":{"self":[{"href":"https:\/\/roma.education\/sk\/wp-json\/wp\/v2\/pages\/8652","targetHints":{"allow":["GET"]}}],"collection":[{"href":"https:\/\/roma.education\/sk\/wp-json\/wp\/v2\/pages"}],"about":[{"href":"https:\/\/roma.education\/sk\/wp-json\/wp\/v2\/types\/page"}],"author":[{"embeddable":true,"href":"https:\/\/roma.education\/sk\/wp-json\/wp\/v2\/users\/1"}],"replies":[{"embeddable":true,"href":"https:\/\/roma.education\/sk\/wp-json\/wp\/v2\/comments?post=8652"}],"version-history":[{"count":1,"href":"https:\/\/roma.education\/sk\/wp-json\/wp\/v2\/pages\/8652\/revisions"}],"predecessor-version":[{"id":8693,"href":"https:\/\/roma.education\/sk\/wp-json\/wp\/v2\/pages\/8652\/revisions\/8693"}],"wp:attachment":[{"href":"https:\/\/roma.education\/sk\/wp-json\/wp\/v2\/media?parent=8652"}],"curies":[{"name":"wp","href":"https:\/\/api.w.org\/{rel}","templated":true}]}}