{"id":8654,"date":"2024-02-09T17:56:53","date_gmt":"2024-02-09T17:56:53","guid":{"rendered":"https:\/\/roma.education\/redi\/"},"modified":"2025-05-19T13:02:24","modified_gmt":"2025-05-19T13:02:24","slug":"redi","status":"publish","type":"page","link":"https:\/\/roma.education\/sk\/redi\/","title":{"rendered":"REDI &#8211; Iniciat\u00edva na rozvoj r\u00f3mskeho podnikania"},"content":{"rendered":"\n<p><\/p>\n\n<div class=\"wp-block-media-text is-stacked-on-mobile\"><figure class=\"wp-block-media-text__media\"><a href=\"https:\/\/redi-ngo.eu\/\"><img loading=\"lazy\" decoding=\"async\" width=\"1024\" height=\"1024\" src=\"https:\/\/roma.education\/wp-content\/uploads\/2025\/02\/REDI-1024x1024.jpg\" alt=\"\" class=\"wp-image-11528 size-full\" srcset=\"https:\/\/roma.education\/wp-content\/uploads\/2025\/02\/REDI-1024x1024.jpg 1024w, https:\/\/roma.education\/wp-content\/uploads\/2025\/02\/REDI-300x300.jpg 300w, https:\/\/roma.education\/wp-content\/uploads\/2025\/02\/REDI-150x150.jpg 150w, https:\/\/roma.education\/wp-content\/uploads\/2025\/02\/REDI-768x768.jpg 768w, https:\/\/roma.education\/wp-content\/uploads\/2025\/02\/REDI-1536x1536.jpg 1536w, https:\/\/roma.education\/wp-content\/uploads\/2025\/02\/REDI.jpg 1638w\" sizes=\"auto, (max-width: 1024px) 100vw, 1024px\" \/><\/a><\/figure><div class=\"wp-block-media-text__content\">\n<p>Je tvorcom ekosyst\u00e9mu, ktor\u00fd sa zameriava na v\u00fdvoj n\u00e1strojov na zv\u00fd\u0161enie ekonomick\u00e9ho posilnenia zranite\u013en\u00fdch komun\u00edt. &#8220;REDI&#8221; veden\u00fd t\u00edmom mlad\u00fdch r\u00f3mskych odborn\u00edkov z r\u00f4znych eur\u00f3pskych kraj\u00edn m\u00e1 za cie\u013e zabezpe\u010di\u0165 pr\u00edstup k cenovo dostupn\u00fdm finan\u010dn\u00fdm prostriedkom pre r\u00f3mskych podnikate\u013eov v strednej, v\u00fdchodnej Eur\u00f3pe a na Balk\u00e1ne a poskytn\u00fa\u0165 technick\u00fa pomoc vybranej skupine podnikate\u013eov s cie\u013eom zv\u00fd\u0161i\u0165 ich odborn\u00e9 znalosti a zru\u010dnosti. REDI je v\u00f4bec prvou in\u0161tit\u00faciou, ktor\u00e1 sa venuje u\u013eah\u010dovaniu financovania za\u010d\u00ednaj\u00facich podnikov a podnikania medzi najzranite\u013enej\u0161ou skupinou v Eur\u00f3pe &#8211; R\u00f3mami, pri\u010dom vyu\u017e\u00edva pr\u00edtomnos\u0165 v ter\u00e9ne a in\u0161titucion\u00e1lne vz\u0165ahy. Ver\u00edme, \u017ee umo\u017enenie podnikate\u013eom rozv\u00edja\u0165 podnikanie povedie k dlhodobej zamestnanosti a zv\u00fd\u0161eniu po\u010dtu pracovn\u00fdch pr\u00edle\u017eitost\u00ed v komunit\u00e1ch.&#8221; <\/p>\n<\/div><\/div>\n","protected":false},"excerpt":{"rendered":"<p>Je tvorcom ekosyst\u00e9mu, ktor\u00fd sa zameriava na v\u00fdvoj n\u00e1strojov na zv\u00fd\u0161enie ekonomick\u00e9ho posilnenia zranite\u013en\u00fdch komun\u00edt. &#8220;REDI&#8221; veden\u00fd t\u00edmom mlad\u00fdch r\u00f3mskych odborn\u00edkov z r\u00f4znych eur\u00f3pskych kraj\u00edn m\u00e1 za cie\u013e zabezpe\u010di\u0165 pr\u00edstup k cenovo dostupn\u00fdm finan\u010dn\u00fdm prostriedkom pre r\u00f3mskych podnikate\u013eov v strednej, v\u00fdchodnej Eur\u00f3pe a na Balk\u00e1ne a poskytn\u00fa\u0165 technick\u00fa pomoc vybranej skupine podnikate\u013eov s cie\u013eom zv\u00fd\u0161i\u0165 <a class=\"read-more-link\" href=\"https:\/\/roma.education\/sk\/redi\/\" title=\"REDI &#8211; Iniciat\u00edva na rozvoj r\u00f3mskeho podnikania\" rel=\"bookmark\" aria-label=\"[\u010c\u00edtaj viac]\">[\u010c\u00edtaj viac]<\/a><\/p>\n","protected":false},"author":1,"featured_media":0,"parent":0,"menu_order":0,"comment_status":"closed","ping_status":"closed","template":"","meta":{"_acf_changed":false,"footnotes":""},"class_list":["post-8654","page","type-page","status-publish","hentry"],"acf":[],"_links":{"self":[{"href":"https:\/\/roma.education\/sk\/wp-json\/wp\/v2\/pages\/8654","targetHints":{"allow":["GET"]}}],"collection":[{"href":"https:\/\/roma.education\/sk\/wp-json\/wp\/v2\/pages"}],"about":[{"href":"https:\/\/roma.education\/sk\/wp-json\/wp\/v2\/types\/page"}],"author":[{"embeddable":true,"href":"https:\/\/roma.education\/sk\/wp-json\/wp\/v2\/users\/1"}],"replies":[{"embeddable":true,"href":"https:\/\/roma.education\/sk\/wp-json\/wp\/v2\/comments?post=8654"}],"version-history":[{"count":3,"href":"https:\/\/roma.education\/sk\/wp-json\/wp\/v2\/pages\/8654\/revisions"}],"predecessor-version":[{"id":18410,"href":"https:\/\/roma.education\/sk\/wp-json\/wp\/v2\/pages\/8654\/revisions\/18410"}],"wp:attachment":[{"href":"https:\/\/roma.education\/sk\/wp-json\/wp\/v2\/media?parent=8654"}],"curies":[{"name":"wp","href":"https:\/\/api.w.org\/{rel}","templated":true}]}}