{"id":8660,"date":"2024-02-09T17:57:47","date_gmt":"2024-02-09T17:57:47","guid":{"rendered":"https:\/\/roma.education\/eriac\/"},"modified":"2025-05-19T12:32:19","modified_gmt":"2025-05-19T12:32:19","slug":"eriac","status":"publish","type":"page","link":"https:\/\/roma.education\/sk\/eriac\/","title":{"rendered":"ERIAC"},"content":{"rendered":"\n<p><\/p>\n\n<div class=\"wp-block-media-text is-stacked-on-mobile\"><figure class=\"wp-block-media-text__media\"><a href=\"https:\/\/eriac.org\/\"><img loading=\"lazy\" decoding=\"async\" width=\"1024\" height=\"470\" src=\"https:\/\/roma.education\/wp-content\/uploads\/2025\/02\/eriac_logo_blk-1024x470.jpg\" alt=\"\" class=\"wp-image-11537 size-full\" srcset=\"https:\/\/roma.education\/wp-content\/uploads\/2025\/02\/eriac_logo_blk-1024x470.jpg 1024w, https:\/\/roma.education\/wp-content\/uploads\/2025\/02\/eriac_logo_blk-300x138.jpg 300w, https:\/\/roma.education\/wp-content\/uploads\/2025\/02\/eriac_logo_blk-768x353.jpg 768w, https:\/\/roma.education\/wp-content\/uploads\/2025\/02\/eriac_logo_blk-1536x706.jpg 1536w, https:\/\/roma.education\/wp-content\/uploads\/2025\/02\/eriac_logo_blk-2048x941.jpg 2048w\" sizes=\"auto, (max-width: 1024px) 100vw, 1024px\" \/><\/a><\/figure><div class=\"wp-block-media-text__content\">\n<p>&#8220;ERIAC m\u00e1 jedine\u010dn\u00fd a jednotn\u00fd mand\u00e1t ako nadn\u00e1rodn\u00e1 organiz\u00e1cia na eur\u00f3pskej \u00farovni na uznanie r\u00f3mskeho umenia a kult\u00fary.<br\/>Eur\u00f3psky r\u00f3msky in\u0161tit\u00fat pre umenie a kult\u00faru e.V. (ERIAC) je spolo\u010dnou iniciat\u00edvou Rady Eur\u00f3py, Nad\u00e1cie otvorenej spolo\u010dnosti a iniciat\u00edvy r\u00f3mskych l\u00eddrov &#8211; Aliancie pre Eur\u00f3psky r\u00f3msky in\u0161tit\u00fat pre umenie a kult\u00faru. ERIAC je zdru\u017eenie registrovan\u00e9 pod\u013ea nemeck\u00e9ho pr\u00e1va v apr\u00edli 2017 v Berl\u00edne. ERIAC za\u010dal svoju \u010dinnos\u0165 v j\u00fani 2017.<br\/> ERIAC existuje s cie\u013eom zv\u00fd\u0161i\u0165 sebavedomie R\u00f3mov a zn\u00ed\u017ei\u0165 negat\u00edvne predsudky v\u00e4\u010d\u0161inov\u00e9ho obyvate\u013estva vo\u010di R\u00f3mom prostredn\u00edctvom umenia, kult\u00fary, hist\u00f3rie a m\u00e9di\u00ed&#8221;  <\/p>\n<\/div><\/div>\n","protected":false},"excerpt":{"rendered":"<p>&#8220;ERIAC m\u00e1 jedine\u010dn\u00fd a jednotn\u00fd mand\u00e1t ako nadn\u00e1rodn\u00e1 organiz\u00e1cia na eur\u00f3pskej \u00farovni na uznanie r\u00f3mskeho umenia a kult\u00fary.Eur\u00f3psky r\u00f3msky in\u0161tit\u00fat pre umenie a kult\u00faru e.V. (ERIAC) je spolo\u010dnou iniciat\u00edvou Rady Eur\u00f3py, Nad\u00e1cie otvorenej spolo\u010dnosti a iniciat\u00edvy r\u00f3mskych l\u00eddrov &#8211; Aliancie pre Eur\u00f3psky r\u00f3msky in\u0161tit\u00fat pre umenie a kult\u00faru. ERIAC je zdru\u017eenie registrovan\u00e9 pod\u013ea nemeck\u00e9ho pr\u00e1va <a class=\"read-more-link\" href=\"https:\/\/roma.education\/sk\/eriac\/\" title=\"ERIAC\" rel=\"bookmark\" aria-label=\"[\u010c\u00edtaj viac]\">[\u010c\u00edtaj viac]<\/a><\/p>\n","protected":false},"author":1,"featured_media":0,"parent":0,"menu_order":0,"comment_status":"closed","ping_status":"closed","template":"","meta":{"_acf_changed":false,"footnotes":""},"class_list":["post-8660","page","type-page","status-publish","hentry"],"acf":[],"_links":{"self":[{"href":"https:\/\/roma.education\/sk\/wp-json\/wp\/v2\/pages\/8660","targetHints":{"allow":["GET"]}}],"collection":[{"href":"https:\/\/roma.education\/sk\/wp-json\/wp\/v2\/pages"}],"about":[{"href":"https:\/\/roma.education\/sk\/wp-json\/wp\/v2\/types\/page"}],"author":[{"embeddable":true,"href":"https:\/\/roma.education\/sk\/wp-json\/wp\/v2\/users\/1"}],"replies":[{"embeddable":true,"href":"https:\/\/roma.education\/sk\/wp-json\/wp\/v2\/comments?post=8660"}],"version-history":[{"count":2,"href":"https:\/\/roma.education\/sk\/wp-json\/wp\/v2\/pages\/8660\/revisions"}],"predecessor-version":[{"id":18384,"href":"https:\/\/roma.education\/sk\/wp-json\/wp\/v2\/pages\/8660\/revisions\/18384"}],"wp:attachment":[{"href":"https:\/\/roma.education\/sk\/wp-json\/wp\/v2\/media?parent=8660"}],"curies":[{"name":"wp","href":"https:\/\/api.w.org\/{rel}","templated":true}]}}