{"id":8661,"date":"2024-02-09T17:59:16","date_gmt":"2024-02-09T17:59:16","guid":{"rendered":"https:\/\/roma.education\/darcovia\/"},"modified":"2024-02-17T23:21:02","modified_gmt":"2024-02-17T23:21:02","slug":"donors","status":"publish","type":"page","link":"https:\/\/roma.education\/sk\/donors\/","title":{"rendered":"Darcovia"},"content":{"rendered":"\n<p>Za ka\u017ed\u00fdm zmyslupln\u00fdm krokom, ktor\u00fd urob\u00edme na ceste k n\u00e1\u0161mu poslaniu, stoj\u00ed \u0161tedr\u00e1 podpora jednotlivcov a organiz\u00e1ci\u00ed, ktor\u00ed veria v n\u00e1\u0161 cie\u013e.<\/p>\n","protected":false},"excerpt":{"rendered":"<p>Za ka\u017ed\u00fdm zmyslupln\u00fdm krokom, ktor\u00fd urob\u00edme na ceste k n\u00e1\u0161mu poslaniu, stoj\u00ed \u0161tedr\u00e1 podpora jednotlivcov a organiz\u00e1ci\u00ed, ktor\u00ed veria v n\u00e1\u0161 cie\u013e.<\/p>\n","protected":false},"author":1,"featured_media":0,"parent":0,"menu_order":0,"comment_status":"closed","ping_status":"closed","template":"","meta":{"_acf_changed":false,"footnotes":""},"class_list":["post-8661","page","type-page","status-publish","hentry"],"acf":[],"_links":{"self":[{"href":"https:\/\/roma.education\/sk\/wp-json\/wp\/v2\/pages\/8661","targetHints":{"allow":["GET"]}}],"collection":[{"href":"https:\/\/roma.education\/sk\/wp-json\/wp\/v2\/pages"}],"about":[{"href":"https:\/\/roma.education\/sk\/wp-json\/wp\/v2\/types\/page"}],"author":[{"embeddable":true,"href":"https:\/\/roma.education\/sk\/wp-json\/wp\/v2\/users\/1"}],"replies":[{"embeddable":true,"href":"https:\/\/roma.education\/sk\/wp-json\/wp\/v2\/comments?post=8661"}],"version-history":[{"count":5,"href":"https:\/\/roma.education\/sk\/wp-json\/wp\/v2\/pages\/8661\/revisions"}],"predecessor-version":[{"id":9081,"href":"https:\/\/roma.education\/sk\/wp-json\/wp\/v2\/pages\/8661\/revisions\/9081"}],"wp:attachment":[{"href":"https:\/\/roma.education\/sk\/wp-json\/wp\/v2\/media?parent=8661"}],"curies":[{"name":"wp","href":"https:\/\/api.w.org\/{rel}","templated":true}]}}