{"id":8734,"date":"2024-02-09T17:43:45","date_gmt":"2024-02-09T17:43:45","guid":{"rendered":"https:\/\/roma.education\/vedenie\/"},"modified":"2025-05-19T13:08:24","modified_gmt":"2025-05-19T13:08:24","slug":"leadership","status":"publish","type":"page","link":"https:\/\/roma.education\/sk\/leadership\/","title":{"rendered":"Vedenie"},"content":{"rendered":"\n<h2 class=\"wp-block-heading\"><strong>Zlep\u0161ovanie r\u00f3mskeho \u013eudsk\u00e9ho kapit\u00e1lu: Strategick\u00e9 invest\u00edcie REF do vzdel\u00e1vania a ved\u00facich pracovn\u00edkov<\/strong> <\/h2>\n\n<div class=\"wp-block-media-text is-stacked-on-mobile\"><figure class=\"wp-block-media-text__media\"><img loading=\"lazy\" decoding=\"async\" width=\"683\" height=\"1024\" src=\"https:\/\/roma.education\/wp-content\/uploads\/2025\/02\/cm11-683x1024.jpg\" alt=\"\" class=\"wp-image-11744 size-full\" srcset=\"https:\/\/roma.education\/wp-content\/uploads\/2025\/02\/cm11-683x1024.jpg 683w, https:\/\/roma.education\/wp-content\/uploads\/2025\/02\/cm11-200x300.jpg 200w, https:\/\/roma.education\/wp-content\/uploads\/2025\/02\/cm11-768x1152.jpg 768w, https:\/\/roma.education\/wp-content\/uploads\/2025\/02\/cm11-1024x1536.jpg 1024w, https:\/\/roma.education\/wp-content\/uploads\/2025\/02\/cm11-1365x2048.jpg 1365w, https:\/\/roma.education\/wp-content\/uploads\/2025\/02\/cm11-scaled.jpg 1707w\" sizes=\"auto, (max-width: 683px) 100vw, 683px\" \/><\/figure><div class=\"wp-block-media-text__content\">\n<p>R\u00f3msky vzdel\u00e1vac\u00ed fond (REF) sa vyd\u00e1va na in\u0161pirat\u00edvnu cestu s cie\u013eom posilni\u0165 r\u00f3msky \u013eudsk\u00fd kapit\u00e1l. REF, ktor\u00fd sa riadi hlasmi a sk\u00fasenos\u0165ami samotn\u00fdch r\u00f3mskych komun\u00edt, strategicky investuje do vzdel\u00e1vania a vodcovstva s cie\u013eom posilni\u0165 postavenie r\u00f3mskych jednotlivcov a rozv\u00edja\u0165 prosperuj\u00face komunity. Nejde len o \u00fapravu s\u00fa\u010dasn\u00e9ho stavu, ale o odv\u00e1\u017enu zmenu predstavy o tom, \u010do je mo\u017en\u00e9.  <\/p>\n<\/div><\/div>\n\n<p>Prostredn\u00edctvom inovat\u00edvnych programov a finan\u010dnej podpory REF podporuje mlad\u00fdch r\u00f3mskych odborn\u00edkov vo vysoko\u0161kolskom vzdel\u00e1van\u00ed a riaden\u00ed, pri\u010dom podporuje nielen ich akademick\u00e9 schopnosti, ale aj ich porozumenie r\u00f3mskej kult\u00fare a dedi\u010dstvu. Tieto iniciat\u00edvy vytv\u00e1raj\u00fa nov\u00fa gener\u00e1ciu r\u00f3mskych l\u00eddrov, ktor\u00ed s\u00fa pripraven\u00ed presadzova\u0165 pozit\u00edvne zmeny a vies\u0165 svoje komunity k bud\u00facnosti odolnosti a prosperity.   <\/p>\n\n<p>REF ver\u00ed, \u017ee skuto\u010dn\u00e1 excelentnos\u0165 vo vzdel\u00e1van\u00ed nevznik\u00e1 postupn\u00fdmi zmenami, ale radik\u00e1lnou transform\u00e1ciou na \u010dele so skuto\u010dn\u00fdmi l\u00eddrami komunity. T\u00edto l\u00eddri nie s\u00fa len \u00fa\u010dastn\u00edkmi zmien, ale katalyz\u00e1tormi vzdel\u00e1vacej revol\u00facie, ktor\u00ed umo\u017e\u0148uj\u00fa komunit\u00e1m naplno vyu\u017ei\u0165 svoj potenci\u00e1l a vytvori\u0165 udr\u017eate\u013en\u00fa bud\u00facnos\u0165.   <\/p>\n\n<p>K\u013e\u00fa\u010dov\u00fdm prvkom strat\u00e9gie REF je vytvorenie dynamick\u00fdch medzin\u00e1rodn\u00fdch siet\u00ed, ako je napr\u00edklad sie\u0165 pedag\u00f3gov REF a sie\u0165 absolventov REF. Tieto siete s\u00fa viac ako len profesion\u00e1lne skupiny. S\u00fa to prosperuj\u00face z\u00e1ujmov\u00e9 spolo\u010denstv\u00e1, ktor\u00e9 podnecuj\u00fa spolupr\u00e1cu, in\u0161piruj\u00fa inov\u00e1cie a poskytuj\u00fa neochvejn\u00fa podporu medzi r\u00f3mskymi odborn\u00edkmi. Prepojen\u00edm odborn\u00fdch znalost\u00ed a sk\u00fasenost\u00ed pedag\u00f3gov, ved\u00facich pracovn\u00edkov a absolventov vytv\u00e1ra REF siln\u00fa mozaiku prepojen\u00ed, ktor\u00e1 presahuje hranice. Tieto siete s\u00fa n\u00e1pomocn\u00e9 pri posil\u0148ovan\u00ed pocitu spolupatri\u010dnosti a spolo\u010dn\u00e9ho cie\u013ea, \u010do jednotlivcom umo\u017e\u0148uje prispieva\u0165 k rozvoju svojich komun\u00edt s nov\u00fdm el\u00e1nom a v\u00edziou. Prostredn\u00edctvom t\u00fdchto \u017eiv\u00fdch siet\u00ed REF nielen posil\u0148uje individu\u00e1lny rast, ale aj kolekt\u00edvnu silu a vplyv r\u00f3mskych komun\u00edt v \u0161ir\u0161om meradle. Tento vz\u00e1jomne prepojen\u00fd r\u00e1mec je nevyhnutn\u00fd na podporu udr\u017eate\u013en\u00e9ho rozvoja, presadzovanie kvalitn\u00e9ho vzdel\u00e1vania a propag\u00e1ciu bohat\u00e9ho kult\u00farneho dedi\u010dstva R\u00f3mov.        <\/p>\n\n<p>Jednou z najv\u00fdznamnej\u0161\u00edch iniciat\u00edv spusten\u00fdch v r\u00e1mci na\u0161ej novej strat\u00e9gie je program Roma Leadership. Tento program je navrhnut\u00fd ako inovat\u00edvna vzdel\u00e1vacia sk\u00fasenos\u0165, ktor\u00e1 zah\u0155\u0148a majstrovsk\u00fa triedu a st\u00e1\u017e. \u00da\u010dastn\u00edkom poskytuje praktick\u00e9 a p\u00fatav\u00e9 pr\u00edle\u017eitosti na rozvoj n\u00e1strojov, vedomost\u00ed a v\u00edzie potrebn\u00fdch pre bud\u00face ved\u00face \u00falohy v organiz\u00e1ci\u00e1ch, sie\u0165ach a in\u0161tit\u00faci\u00e1ch. Program Roma Leadership sl\u00fa\u017ei aj ako sie\u0165 odborn\u00edkov, ktor\u00ed s\u00fa hnacou silou inov\u00e1ci\u00ed v r\u00f4znych oblastiach vr\u00e1tane podnikania, zamestnanosti, kult\u00fary, vzdel\u00e1vania a demokratickej \u00fa\u010dasti r\u00f3mskych komun\u00edt. T\u00e1to sie\u0165 podporuje spolupr\u00e1cu a v\u00fdmenu n\u00e1padov, \u010d\u00edm zabezpe\u010duje, aby r\u00f3mski l\u00eddri st\u00e1li na \u010dele pozit\u00edvnych zmien. Program vytv\u00e1ra \u017eiv\u00e9 spolo\u010denstvo podobne zm\u00fd\u0161\u013eaj\u00facich R\u00f3mov, ktor\u00ed sa hrdo hl\u00e1sia k svojej identite. \u00da\u010dastn\u00edci sa pon\u00e1raj\u00fa do bohatej hist\u00f3rie, umenia, kult\u00fary a politick\u00fdch hnut\u00ed R\u00f3mov, \u010d\u00edm si buduj\u00fa siln\u00fd pocit spolupatri\u010dnosti a hrdosti na svoje dedi\u010dstvo. Prostredn\u00edctvom tohto programu REF vychov\u00e1va nov\u00fa gener\u00e1ciu splnomocnen\u00fdch r\u00f3mskych l\u00eddrov, ktor\u00ed s\u00fa vybaven\u00ed na to, aby mali trval\u00fd vplyv na svoje komunity. Neuverite\u013en\u00e1 pr\u00edle\u017eitos\u0165, ako skuto\u010dne zmeni\u0165 situ\u00e1ciu t\u00fdm, \u017ee prispejete k rozvoju a odolnosti r\u00f3mskych komun\u00edt. <\/p>\n\n<p>Redjepali CHUPI, ved\u00faca t\u00edmu strategick\u00e9ho oddelenia pre r\u00f3msky \u013eudsk\u00fd kapit\u00e1l v r\u00e1mci siete R\u00f3mskeho vzdel\u00e1vacieho fondu.<\/p>\n","protected":false},"excerpt":{"rendered":"<p>Zlep\u0161ovanie r\u00f3mskeho \u013eudsk\u00e9ho kapit\u00e1lu: Strategick\u00e9 invest\u00edcie REF do vzdel\u00e1vania a ved\u00facich pracovn\u00edkov R\u00f3msky vzdel\u00e1vac\u00ed fond (REF) sa vyd\u00e1va na in\u0161pirat\u00edvnu cestu s cie\u013eom posilni\u0165 r\u00f3msky \u013eudsk\u00fd kapit\u00e1l. REF, ktor\u00fd sa riadi hlasmi a sk\u00fasenos\u0165ami samotn\u00fdch r\u00f3mskych komun\u00edt, strategicky investuje do vzdel\u00e1vania a vodcovstva s cie\u013eom posilni\u0165 postavenie r\u00f3mskych jednotlivcov a rozv\u00edja\u0165 prosperuj\u00face komunity. Nejde len <a class=\"read-more-link\" href=\"https:\/\/roma.education\/sk\/leadership\/\" title=\"Vedenie\" rel=\"bookmark\" aria-label=\"[\u010c\u00edtaj viac]\">[\u010c\u00edtaj viac]<\/a><\/p>\n","protected":false},"author":1,"featured_media":0,"parent":0,"menu_order":0,"comment_status":"closed","ping_status":"closed","template":"","meta":{"_acf_changed":false,"footnotes":""},"class_list":["post-8734","page","type-page","status-publish","hentry"],"acf":[],"_links":{"self":[{"href":"https:\/\/roma.education\/sk\/wp-json\/wp\/v2\/pages\/8734","targetHints":{"allow":["GET"]}}],"collection":[{"href":"https:\/\/roma.education\/sk\/wp-json\/wp\/v2\/pages"}],"about":[{"href":"https:\/\/roma.education\/sk\/wp-json\/wp\/v2\/types\/page"}],"author":[{"embeddable":true,"href":"https:\/\/roma.education\/sk\/wp-json\/wp\/v2\/users\/1"}],"replies":[{"embeddable":true,"href":"https:\/\/roma.education\/sk\/wp-json\/wp\/v2\/comments?post=8734"}],"version-history":[{"count":2,"href":"https:\/\/roma.education\/sk\/wp-json\/wp\/v2\/pages\/8734\/revisions"}],"predecessor-version":[{"id":18459,"href":"https:\/\/roma.education\/sk\/wp-json\/wp\/v2\/pages\/8734\/revisions\/18459"}],"wp:attachment":[{"href":"https:\/\/roma.education\/sk\/wp-json\/wp\/v2\/media?parent=8734"}],"curies":[{"name":"wp","href":"https:\/\/api.w.org\/{rel}","templated":true}]}}