{"id":8738,"date":"2024-02-09T13:20:47","date_gmt":"2024-02-09T13:20:47","guid":{"rendered":"https:\/\/roma.education\/hodnoty-a-poslanie\/"},"modified":"2025-05-15T07:36:25","modified_gmt":"2025-05-15T07:36:25","slug":"value-mission","status":"publish","type":"page","link":"https:\/\/roma.education\/sk\/value-mission\/","title":{"rendered":"Misia"},"content":{"rendered":"\n<p class=\"has-text-align-center has-vivid-red-color has-text-color has-link-color wp-elements-30ae5fb754215e0101f141fe5f11fd3a\"><strong>BUDOVANIE ODOLN\u00ddCH R\u00d3MSKYCH KOMUN\u00cdT PROSTREDN\u00cdCTVOM VZDEL\u00c1VANIA<\/strong><\/p>\n\n<h2 class=\"wp-block-heading\"><strong>N\u00e1\u0161 pr\u00edbeh<\/strong><\/h2>\n\n<p>R\u00f3msky vzdel\u00e1vac\u00ed fond, ktor\u00fd bol zalo\u017een\u00fd v roku 2005 v r\u00e1mci partnerstva medzi Svetovou bankou a Nad\u00e1ciou otvorenej spolo\u010dnosti, sa v posledn\u00fdch dvoch desa\u0165ro\u010diach venuje posil\u0148ovaniu postavenia R\u00f3mov prostredn\u00edctvom vzdel\u00e1vania. S viac ako 120 mili\u00f3nmi EUR investovan\u00fdmi do r\u00f4znych iniciat\u00edv sa REF dotkol \u017eivotov viac ako 100 000 R\u00f3mov v\u0161etk\u00fdch vekov\u00fdch kateg\u00f3ri\u00ed v 16 krajin\u00e1ch. T\u00e1to vplyvn\u00e1 pr\u00e1ca je mo\u017en\u00e1 v\u010faka ve\u013ekorysej podpore organiz\u00e1ci\u00ed, ako s\u00fa Nad\u00e1cia otvorenej spolo\u010dnosti, Svetov\u00e1 banka, Nad\u00e1cia EVZ, Granty EHP a N\u00f3rska, Rak\u00faska rozvojov\u00e1 agent\u00fara (ADA), Rozvojov\u00e1 banka Rady Eur\u00f3py (CEB), \u0160v\u00e9dska agent\u00fara pre medzin\u00e1rodn\u00fa rozvojov\u00fa spolupr\u00e1cu (SIDA), nemeck\u00e1 vl\u00e1da &#8211; Ministerstvo pre hospod\u00e1rsku spolupr\u00e1cu a rozvoj, Eur\u00f3pska \u00fania prostredn\u00edctvom Opera\u010dn\u00e9ho programu \u013dudsk\u00e9 zdroje, Nad\u00e1cie VELUX a mnoh\u00e9 \u010fal\u0161ie.    <\/p>\n\n<figure class=\"wp-block-image size-large\"><img loading=\"lazy\" decoding=\"async\" width=\"1024\" height=\"683\" src=\"https:\/\/roma.education\/wp-content\/uploads\/2025\/02\/STA_3857-1024x683.jpg\" alt=\"\" class=\"wp-image-11783\" srcset=\"https:\/\/roma.education\/wp-content\/uploads\/2025\/02\/STA_3857-1024x683.jpg 1024w, https:\/\/roma.education\/wp-content\/uploads\/2025\/02\/STA_3857-300x200.jpg 300w, https:\/\/roma.education\/wp-content\/uploads\/2025\/02\/STA_3857-768x512.jpg 768w, https:\/\/roma.education\/wp-content\/uploads\/2025\/02\/STA_3857-1536x1024.jpg 1536w, https:\/\/roma.education\/wp-content\/uploads\/2025\/02\/STA_3857-2048x1366.jpg 2048w\" sizes=\"auto, (max-width: 1024px) 100vw, 1024px\" \/><figcaption class=\"wp-element-caption\">R\u00f3msky ute\u010denec sa z\u00fa\u010dast\u0148uje na po\u010d\u00edta\u010dovom kurze v Bukure\u0161ti, Rumunsko, febru\u00e1r 2025. Foto: Akos Stiller. <\/figcaption><\/figure>\n\n<p>T\u00edmy nad\u00e1cie v \u0161tyroch krajin\u00e1ch &#8211; Rumunsku, na Slovensku, v Srbsku a Severnom Maced\u00f3nsku &#8211; <strong>\u00fazko<\/strong> spolupracuj\u00fa s r\u00f3mskymi komunitami na dosiahnut\u00ed troch k\u013e\u00fa\u010dov\u00fdch dlhodob\u00fdch strategick\u00fdch cie\u013eov:<\/p>\n\n<p>(1) Vytv\u00e1ranie komunitn\u00fdch doplnkov\u00fdch vzdel\u00e1vac\u00edch modelov na posilnenie odolnosti r\u00f3mskych komun\u00edt;  <\/p>\n\n<p>(2) Vytv\u00e1ranie \u00fa\u010dinn\u00fdch modelov zamestn\u00e1vania R\u00f3mov na vyv\u00edjaj\u00facich sa trhoch pr\u00e1ce;  <\/p>\n\n<p>(3) Zvy\u0161ovanie \u00farovne r\u00f3mskeho \u013eudsk\u00e9ho kapit\u00e1lu prostredn\u00edctvom cielen\u00fdch invest\u00edci\u00ed do vzdel\u00e1vania a rozvoja ved\u00facich pracovn\u00edkov.<\/p>\n\n<h5 class=\"wp-block-heading has-text-align-center\">Na\u0161ou v\u00edziou je vytvori\u0165 podporn\u00e9 prostredie pre ka\u017ed\u00e9 die\u0165a, mlad\u00e9ho \u010dloveka a rodi\u010da, ktor\u00e9 im umo\u017en\u00ed rozv\u00edja\u0165 osobn\u00fa odolnos\u0165 v r\u00fdchlo sa meniacej spolo\u010dnosti.<\/h5>\n<div class=\"wp-block-image\">\n<figure class=\"aligncenter size-large is-resized\"><img loading=\"lazy\" decoding=\"async\" width=\"1024\" height=\"845\" src=\"https:\/\/roma.education\/wp-content\/uploads\/2025\/02\/REFs-Strategy-3-1024x845.png\" alt=\"\" class=\"wp-image-11797\" style=\"width:600px;height:auto\" srcset=\"https:\/\/roma.education\/wp-content\/uploads\/2025\/02\/REFs-Strategy-3-1024x845.png 1024w, https:\/\/roma.education\/wp-content\/uploads\/2025\/02\/REFs-Strategy-3-300x248.png 300w, https:\/\/roma.education\/wp-content\/uploads\/2025\/02\/REFs-Strategy-3-768x634.png 768w, https:\/\/roma.education\/wp-content\/uploads\/2025\/02\/REFs-Strategy-3-1536x1268.png 1536w, https:\/\/roma.education\/wp-content\/uploads\/2025\/02\/REFs-Strategy-3-2048x1690.png 2048w\" sizes=\"auto, (max-width: 1024px) 100vw, 1024px\" \/><\/figure>\n<\/div>\n<h4 class=\"wp-block-heading\">Sie\u0165 R\u00f3movia pre Eur\u00f3pu, pevn\u00e9 partnerstvo so spolo\u010dn\u00fdmi cie\u013emi<\/h4>\n\n<p>Poslanie REF je kolekt\u00edvnym \u00fasil\u00edm. Spojen\u00edm s\u00edl so sie\u0165ou R\u00f3movia pre Eur\u00f3pu REF posil\u0148uje svoj vplyv a prij\u00edma svoje nov\u00e9 strategick\u00e9 smerovanie. V spolupr\u00e1ci s <a href=\"https:\/\/eriac.org\/\">Eur\u00f3pskym r\u00f3mskym in\u0161tit\u00fatom pre umenie a kult\u00faru<\/a>, <a href=\"https:\/\/redi-ngo.eu\/\">Iniciat\u00edvou pre rozvoj r\u00f3mskeho podnikania<\/a>, <a href=\"https:\/\/romaforeurope.org\/\">R\u00f3mskou nad\u00e1ciou pre Eur\u00f3pu<\/a> a R\u00f3mami za demokraciu vyu\u017e\u00edvame silu siet\u00ed na budovanie jasnej\u0161ej a inkluz\u00edvnej\u0161ej Eur\u00f3py. Spolo\u010dne sme silnej\u0161\u00ed a schopnej\u0161\u00ed presadzova\u0165 zmyslupln\u00e9 zmeny.   <\/p>\n","protected":false},"excerpt":{"rendered":"<p>BUDOVANIE ODOLN\u00ddCH R\u00d3MSKYCH KOMUN\u00cdT PROSTREDN\u00cdCTVOM VZDEL\u00c1VANIA N\u00e1\u0161 pr\u00edbeh R\u00f3msky vzdel\u00e1vac\u00ed fond, ktor\u00fd bol zalo\u017een\u00fd v roku 2005 v r\u00e1mci partnerstva medzi Svetovou bankou a Nad\u00e1ciou otvorenej spolo\u010dnosti, sa v posledn\u00fdch dvoch desa\u0165ro\u010diach venuje posil\u0148ovaniu postavenia R\u00f3mov prostredn\u00edctvom vzdel\u00e1vania. S viac ako 120 mili\u00f3nmi EUR investovan\u00fdmi do r\u00f4znych iniciat\u00edv sa REF dotkol \u017eivotov viac ako 100 <a class=\"read-more-link\" href=\"https:\/\/roma.education\/sk\/value-mission\/\" title=\"Misia\" rel=\"bookmark\" aria-label=\"[\u010c\u00edtaj viac]\">[\u010c\u00edtaj viac]<\/a><\/p>\n","protected":false},"author":1,"featured_media":0,"parent":0,"menu_order":0,"comment_status":"closed","ping_status":"closed","template":"","meta":{"_acf_changed":false,"footnotes":""},"class_list":["post-8738","page","type-page","status-publish","hentry"],"acf":[],"_links":{"self":[{"href":"https:\/\/roma.education\/sk\/wp-json\/wp\/v2\/pages\/8738","targetHints":{"allow":["GET"]}}],"collection":[{"href":"https:\/\/roma.education\/sk\/wp-json\/wp\/v2\/pages"}],"about":[{"href":"https:\/\/roma.education\/sk\/wp-json\/wp\/v2\/types\/page"}],"author":[{"embeddable":true,"href":"https:\/\/roma.education\/sk\/wp-json\/wp\/v2\/users\/1"}],"replies":[{"embeddable":true,"href":"https:\/\/roma.education\/sk\/wp-json\/wp\/v2\/comments?post=8738"}],"version-history":[{"count":4,"href":"https:\/\/roma.education\/sk\/wp-json\/wp\/v2\/pages\/8738\/revisions"}],"predecessor-version":[{"id":18248,"href":"https:\/\/roma.education\/sk\/wp-json\/wp\/v2\/pages\/8738\/revisions\/18248"}],"wp:attachment":[{"href":"https:\/\/roma.education\/sk\/wp-json\/wp\/v2\/media?parent=8738"}],"curies":[{"name":"wp","href":"https:\/\/api.w.org\/{rel}","templated":true}]}}