{"id":8744,"date":"2024-02-09T13:27:27","date_gmt":"2024-02-09T13:27:27","guid":{"rendered":"https:\/\/roma.education\/kancelaria\/"},"modified":"2025-05-19T13:08:13","modified_gmt":"2025-05-19T13:08:13","slug":"office","status":"publish","type":"page","link":"https:\/\/roma.education\/sk\/office\/","title":{"rendered":"Kancel\u00e1rie"},"content":{"rendered":"\n<h4 class=\"wp-block-heading has-text-align-center\">HQ &#8211; REF RUMUNSKO  <\/h4>\n\n<p><\/p>\n\n<div class=\"wp-block-media-text is-stacked-on-mobile\"><figure class=\"wp-block-media-text__media\"><img loading=\"lazy\" decoding=\"async\" width=\"1024\" height=\"1024\" src=\"https:\/\/roma.education\/wp-content\/uploads\/2024\/02\/Cipria-Necula-1024x1024.jpg\" alt=\"\" class=\"wp-image-9322 size-full\" srcset=\"https:\/\/roma.education\/wp-content\/uploads\/2024\/02\/Cipria-Necula-1024x1024.jpg 1024w, https:\/\/roma.education\/wp-content\/uploads\/2024\/02\/Cipria-Necula-300x300.jpg 300w, https:\/\/roma.education\/wp-content\/uploads\/2024\/02\/Cipria-Necula-150x150.jpg 150w, https:\/\/roma.education\/wp-content\/uploads\/2024\/02\/Cipria-Necula-768x768.jpg 768w, https:\/\/roma.education\/wp-content\/uploads\/2024\/02\/Cipria-Necula-1536x1536.jpg 1536w, https:\/\/roma.education\/wp-content\/uploads\/2024\/02\/Cipria-Necula.jpg 1707w\" sizes=\"auto, (max-width: 1024px) 100vw, 1024px\" \/><\/figure><div class=\"wp-block-media-text__content\">\n<p>Ciprian Necula, predseda spr\u00e1vnej rady R\u00f3mskeho vzdel\u00e1vacieho fondu, p\u00f4sob\u00ed v Bukure\u0161ti. Rumunsk\u00fd t\u00edm riadi skupina ved\u00facich t\u00edmov: Monica C\u0103lin &#8211; riadite\u013eka programov, Carmen Roncea &#8211; finan\u010dn\u00e1 riadite\u013eka a Claudia Craiu &#8211; riadite\u013eka pre styk s verejnos\u0165ou. <\/p>\n<\/div><\/div>\n\n<h4 class=\"wp-block-heading has-text-align-center\">REF SRBSKO || REF SEVERN\u00c9 MACED\u00d3NSKO  <\/h4>\n\n<p><\/p>\n\n<div class=\"wp-block-media-text is-stacked-on-mobile\" style=\"grid-template-columns:48% auto\"><figure class=\"wp-block-media-text__media\"><img loading=\"lazy\" decoding=\"async\" width=\"960\" height=\"720\" src=\"https:\/\/roma.education\/wp-content\/uploads\/2024\/02\/Redjepali-Chupi-edited.jpg\" alt=\"\" class=\"wp-image-7552 size-full\" srcset=\"https:\/\/roma.education\/wp-content\/uploads\/2024\/02\/Redjepali-Chupi-edited.jpg 960w, https:\/\/roma.education\/wp-content\/uploads\/2024\/02\/Redjepali-Chupi-edited-300x225.jpg 300w, https:\/\/roma.education\/wp-content\/uploads\/2024\/02\/Redjepali-Chupi-edited-768x576.jpg 768w\" sizes=\"auto, (max-width: 960px) 100vw, 960px\" \/><\/figure><div class=\"wp-block-media-text__content\">\n<p>Redjepali Chupi p\u00f4sob\u00ed ako riadite\u013e REF Srbsko a REF Severn\u00e9 Maced\u00f3nsko a z\u00e1rove\u0148 vedie strategick\u00fa div\u00edziu pre r\u00f3msky \u013eudsk\u00fd kapit\u00e1l v r\u00e1mci siete R\u00f3mskeho vzdel\u00e1vacieho fondu.<\/p>\n<\/div><\/div>\n\n<h4 class=\"wp-block-heading has-text-align-center\">REF SLOVENSKO  <\/h4>\n\n<div class=\"wp-block-media-text is-stacked-on-mobile\"><figure class=\"wp-block-media-text__media\"><img loading=\"lazy\" decoding=\"async\" width=\"1024\" height=\"768\" src=\"https:\/\/roma.education\/wp-content\/uploads\/2025\/01\/PORTICUS_portrait_0792-1-scaled-1-1024x768.jpg\" alt=\"\" class=\"wp-image-9585 size-full\" srcset=\"https:\/\/roma.education\/wp-content\/uploads\/2025\/01\/PORTICUS_portrait_0792-1-scaled-1-1024x768.jpg 1024w, https:\/\/roma.education\/wp-content\/uploads\/2025\/01\/PORTICUS_portrait_0792-1-scaled-1-300x225.jpg 300w, https:\/\/roma.education\/wp-content\/uploads\/2025\/01\/PORTICUS_portrait_0792-1-scaled-1-768x576.jpg 768w, https:\/\/roma.education\/wp-content\/uploads\/2025\/01\/PORTICUS_portrait_0792-1-scaled-1-1536x1152.jpg 1536w, https:\/\/roma.education\/wp-content\/uploads\/2025\/01\/PORTICUS_portrait_0792-1-scaled-1-2048x1536.jpg 2048w\" sizes=\"auto, (max-width: 1024px) 100vw, 1024px\" \/><\/figure><div class=\"wp-block-media-text__content\">\n<p>Stanislav Daniel p\u00f4sob\u00ed ako riadite\u013e REF Slovensko a z\u00e1rove\u0148 vedie strategick\u00fa div\u00edziu centier doplnkov\u00e9ho vzdel\u00e1vania v r\u00e1mci siete R\u00f3mskeho vzdel\u00e1vacieho fondu.<\/p>\n<\/div><\/div>\n","protected":false},"excerpt":{"rendered":"<p>HQ &#8211; REF RUMUNSKO Ciprian Necula, predseda spr\u00e1vnej rady R\u00f3mskeho vzdel\u00e1vacieho fondu, p\u00f4sob\u00ed v Bukure\u0161ti. Rumunsk\u00fd t\u00edm riadi skupina ved\u00facich t\u00edmov: Monica C\u0103lin &#8211; riadite\u013eka programov, Carmen Roncea &#8211; finan\u010dn\u00e1 riadite\u013eka a Claudia Craiu &#8211; riadite\u013eka pre styk s verejnos\u0165ou. REF SRBSKO || REF SEVERN\u00c9 MACED\u00d3NSKO Redjepali Chupi p\u00f4sob\u00ed ako riadite\u013e REF Srbsko a REF <a class=\"read-more-link\" href=\"https:\/\/roma.education\/sk\/office\/\" title=\"Kancel\u00e1rie\" rel=\"bookmark\" aria-label=\"[\u010c\u00edtaj viac]\">[\u010c\u00edtaj viac]<\/a><\/p>\n","protected":false},"author":1,"featured_media":0,"parent":0,"menu_order":0,"comment_status":"closed","ping_status":"closed","template":"","meta":{"_acf_changed":false,"footnotes":""},"class_list":["post-8744","page","type-page","status-publish","hentry"],"acf":[],"_links":{"self":[{"href":"https:\/\/roma.education\/sk\/wp-json\/wp\/v2\/pages\/8744","targetHints":{"allow":["GET"]}}],"collection":[{"href":"https:\/\/roma.education\/sk\/wp-json\/wp\/v2\/pages"}],"about":[{"href":"https:\/\/roma.education\/sk\/wp-json\/wp\/v2\/types\/page"}],"author":[{"embeddable":true,"href":"https:\/\/roma.education\/sk\/wp-json\/wp\/v2\/users\/1"}],"replies":[{"embeddable":true,"href":"https:\/\/roma.education\/sk\/wp-json\/wp\/v2\/comments?post=8744"}],"version-history":[{"count":2,"href":"https:\/\/roma.education\/sk\/wp-json\/wp\/v2\/pages\/8744\/revisions"}],"predecessor-version":[{"id":18428,"href":"https:\/\/roma.education\/sk\/wp-json\/wp\/v2\/pages\/8744\/revisions\/18428"}],"wp:attachment":[{"href":"https:\/\/roma.education\/sk\/wp-json\/wp\/v2\/media?parent=8744"}],"curies":[{"name":"wp","href":"https:\/\/api.w.org\/{rel}","templated":true}]}}