{"id":8750,"date":"2024-02-09T17:40:48","date_gmt":"2024-02-09T17:40:48","guid":{"rendered":"https:\/\/roma.education\/centrum-pre-inovacie\/"},"modified":"2025-05-15T09:02:21","modified_gmt":"2025-05-15T09:02:21","slug":"centre-for-innovations","status":"publish","type":"page","link":"https:\/\/roma.education\/sk\/centre-for-innovations\/","title":{"rendered":"Centrum pre inov\u00e1cie"},"content":{"rendered":"\n<h2 class=\"wp-block-heading\"><strong>Budovanie odolnosti prostredn\u00edctvom digit\u00e1lnej transform\u00e1cie<\/strong>: <strong>Nov\u00e1 strat\u00e9gia R\u00f3mskeho vzdel\u00e1vacieho fondu<\/strong> <\/h2>\n\n<div class=\"wp-block-media-text is-stacked-on-mobile\"><figure class=\"wp-block-media-text__media\"><img loading=\"lazy\" decoding=\"async\" width=\"683\" height=\"1024\" src=\"https:\/\/roma.education\/wp-content\/uploads\/2025\/02\/mahala-13-dec-27-683x1024.jpg\" alt=\"\" class=\"wp-image-11734 size-full\" srcset=\"https:\/\/roma.education\/wp-content\/uploads\/2025\/02\/mahala-13-dec-27-683x1024.jpg 683w, https:\/\/roma.education\/wp-content\/uploads\/2025\/02\/mahala-13-dec-27-200x300.jpg 200w, https:\/\/roma.education\/wp-content\/uploads\/2025\/02\/mahala-13-dec-27-768x1152.jpg 768w, https:\/\/roma.education\/wp-content\/uploads\/2025\/02\/mahala-13-dec-27-1024x1536.jpg 1024w, https:\/\/roma.education\/wp-content\/uploads\/2025\/02\/mahala-13-dec-27-1365x2048.jpg 1365w, https:\/\/roma.education\/wp-content\/uploads\/2025\/02\/mahala-13-dec-27-scaled.jpg 1707w\" sizes=\"auto, (max-width: 683px) 100vw, 683px\" \/><\/figure><div class=\"wp-block-media-text__content\">\n<p>V dobe, ke\u010f technol\u00f3gie r\u00fdchlo pretv\u00e1raj\u00fa n\u00e1\u0161 svet, R\u00f3msky vzdel\u00e1vac\u00ed fond (REF) kladie digit\u00e1lnu transform\u00e1ciu do centra svojej novej strat\u00e9gie. REF si uvedomuje, \u017ee je mimoriadne d\u00f4le\u017eit\u00e9 budova\u0165 odolnos\u0165 r\u00f3mskych komun\u00edt, a preto sp\u00fa\u0161\u0165a \u0161pi\u010dkov\u00e9 vzdel\u00e1vacie programy, ktor\u00fdch cie\u013eom je posilni\u0165 postavenie det\u00ed aj dospel\u00fdch. Cie\u013eom t\u00fdchto iniciat\u00edv je zabezpe\u010di\u0165, aby R\u00f3movia nielen dr\u017eali krok so svetom poh\u00e1\u0148an\u00fdm technol\u00f3giami, ale aby v \u0148om aj vynikali.    <\/p>\n<\/div><\/div>\n\n<p><\/p>\n\n<p>K\u013e\u00fa\u010dovou s\u00fa\u010das\u0165ou tejto strat\u00e9gie je integr\u00e1cia najmodernej\u0161\u00edch technol\u00f3gi\u00ed umelej inteligencie a digit\u00e1lnych technol\u00f3gi\u00ed. V\u010faka za\u010dleneniu AI do na\u0161ich vzdel\u00e1vac\u00edch programov bude n\u00e1\u0161 t\u00edm schopn\u00fd prij\u00edma\u0165 rozhodnutia o pr\u00e1vach a vybavi\u0165 r\u00f3mske komunity zru\u010dnos\u0165ami potrebn\u00fdmi na orient\u00e1ciu a prosperitu v digit\u00e1lnom prostred\u00ed. Tento pokrokov\u00fd pr\u00edstup zabezpe\u010d\u00ed, \u017ee \u00fa\u010dastn\u00edci bud\u00fa dobre pripraven\u00ed na v\u00fdzvy a pr\u00edle\u017eitosti, ktor\u00e9 predstavuje modern\u00fd svet.    <\/p>\n\n<p>Okrem t\u00fdchto vzdel\u00e1vac\u00edch iniciat\u00edv REF vytv\u00e1ra strategick\u00e9 partnerstv\u00e1 na podporu svojho poslania. Jednou z v\u00fdznamn\u00fdch spolupr\u00e1c je spolupr\u00e1ca so spolo\u010dnos\u0165ou Accenture Romania, ktor\u00e1 od roku 2020 realizuje Akad\u00e9miu digit\u00e1lnych zru\u010dnost\u00ed. Toto partnerstvo sa ned\u00e1vno roz\u0161\u00edrilo o r\u00f3mskych ute\u010dencov z Ukrajiny, ktor\u00fdch REF podporuje u\u017e takmer dva roky. T\u00edto t\u00edned\u017eeri pr\u00e1ve nast\u00fapili na nov\u00fd \u0161es\u0165t\u00fd\u017ed\u0148ov\u00fd vzdel\u00e1vac\u00ed program, ktor\u00fd vedie \u0161pecializovan\u00fd t\u00edm dobrovo\u013en\u00edkov akad\u00e9mie.     <\/p>\n\n<p>Spolupr\u00e1ca medzi R\u00f3mskym vzdel\u00e1vac\u00edm fondom a spolo\u010dnos\u0165ou Accenture Romania je pr\u00edkladom sily partnerstva pri podpore zranite\u013enej ml\u00e1de\u017ee a presadzovan\u00ed rovnak\u00e9ho pr\u00edstupu k mo\u017enostiam vzdel\u00e1vania a rozvoja v digit\u00e1lnom veku. Spolo\u010dnou pr\u00e1cou tieto organiz\u00e1cie dosahuj\u00fa v\u00fdznamn\u00e9 pokroky pri prekon\u00e1van\u00ed digit\u00e1lnej priepasti a podpore odolnej, technicky zdatnej r\u00f3mskej komunity.   <\/p>\n\n<p>Ke\u010f\u017ee REF pokra\u010duje v zav\u00e1dzan\u00ed vysokokvalitn\u00fdch vzdel\u00e1vac\u00edch programov, na\u010falej sa zameriava na to, aby R\u00f3movia mohli vyu\u017e\u00edva\u0165 v\u0161etky dostupn\u00e9 digit\u00e1lne n\u00e1stroje. Tento z\u00e1v\u00e4zok k digit\u00e1lnej transform\u00e1cii a budovaniu odolnosti nie je len o udr\u017eiavan\u00ed kroku s technol\u00f3giami; ide o zabezpe\u010denie toho, aby r\u00f3mske komunity mohli prosperova\u0165 a prekvita\u0165 v neust\u00e1le sa vyv\u00edjaj\u00facom svete.   <\/p>\n\n<p>Predstavujeme si svet, v ktorom s\u00fa r\u00f3mske komunity oslavovan\u00e9 ako bohat\u00fd zdroj vedomost\u00ed, tvorivosti a potenci\u00e1lu. Na\u0161e vzdel\u00e1vacie pr\u00edstupy akt\u00edvne zap\u00e1jaj\u00fa \u017eiakov prostredn\u00edctvom sk\u00fasenost\u00ed z re\u00e1lneho sveta a technol\u00f3gi\u00ed. Ver\u00edme, \u017ee inovat\u00edvne vedenie sa m\u00f4\u017ee objavi\u0165 na neo\u010dak\u00e1van\u00fdch miestach a naru\u0161i\u0165 tradi\u010dn\u00e9 hierarchie vedomost\u00ed. U\u010denie je pre n\u00e1s dynamick\u00fd a kolaborat\u00edvny proces, ktor\u00fd jednotlivcov a komunity pripravuje na zvl\u00e1danie zlo\u017eitosti a neistoty. Zameriavame sa na transform\u00e1ciu vzdel\u00e1vac\u00edch inov\u00e1ci\u00ed pod veden\u00edm R\u00f3mov na maj\u00e1ky excelentnosti, ktor\u00e9 in\u0161piruj\u00fa syst\u00e9mov\u00e9 zmeny v r\u00f4znych kontextoch.      <\/p>\n\n<p>Stanislav Daniel, ved\u00faci t\u00edmu strategick\u00e9ho oddelenia centier doplnkov\u00e9ho vzdel\u00e1vania v r\u00e1mci siete R\u00f3mskeho vzdel\u00e1vacieho fondu.<\/p>\n","protected":false},"excerpt":{"rendered":"<p>Budovanie odolnosti prostredn\u00edctvom digit\u00e1lnej transform\u00e1cie: Nov\u00e1 strat\u00e9gia R\u00f3mskeho vzdel\u00e1vacieho fondu V dobe, ke\u010f technol\u00f3gie r\u00fdchlo pretv\u00e1raj\u00fa n\u00e1\u0161 svet, R\u00f3msky vzdel\u00e1vac\u00ed fond (REF) kladie digit\u00e1lnu transform\u00e1ciu do centra svojej novej strat\u00e9gie. REF si uvedomuje, \u017ee je mimoriadne d\u00f4le\u017eit\u00e9 budova\u0165 odolnos\u0165 r\u00f3mskych komun\u00edt, a preto sp\u00fa\u0161\u0165a \u0161pi\u010dkov\u00e9 vzdel\u00e1vacie programy, ktor\u00fdch cie\u013eom je posilni\u0165 postavenie det\u00ed aj dospel\u00fdch. <a class=\"read-more-link\" href=\"https:\/\/roma.education\/sk\/centre-for-innovations\/\" title=\"Centrum pre inov\u00e1cie\" rel=\"bookmark\" aria-label=\"[\u010c\u00edtaj viac]\">[\u010c\u00edtaj viac]<\/a><\/p>\n","protected":false},"author":1,"featured_media":0,"parent":0,"menu_order":0,"comment_status":"closed","ping_status":"closed","template":"","meta":{"_acf_changed":false,"footnotes":""},"class_list":["post-8750","page","type-page","status-publish","hentry"],"acf":[],"_links":{"self":[{"href":"https:\/\/roma.education\/sk\/wp-json\/wp\/v2\/pages\/8750","targetHints":{"allow":["GET"]}}],"collection":[{"href":"https:\/\/roma.education\/sk\/wp-json\/wp\/v2\/pages"}],"about":[{"href":"https:\/\/roma.education\/sk\/wp-json\/wp\/v2\/types\/page"}],"author":[{"embeddable":true,"href":"https:\/\/roma.education\/sk\/wp-json\/wp\/v2\/users\/1"}],"replies":[{"embeddable":true,"href":"https:\/\/roma.education\/sk\/wp-json\/wp\/v2\/comments?post=8750"}],"version-history":[{"count":2,"href":"https:\/\/roma.education\/sk\/wp-json\/wp\/v2\/pages\/8750\/revisions"}],"predecessor-version":[{"id":18263,"href":"https:\/\/roma.education\/sk\/wp-json\/wp\/v2\/pages\/8750\/revisions\/18263"}],"wp:attachment":[{"href":"https:\/\/roma.education\/sk\/wp-json\/wp\/v2\/media?parent=8750"}],"curies":[{"name":"wp","href":"https:\/\/api.w.org\/{rel}","templated":true}]}}