{"id":8767,"date":"2014-12-19T13:14:35","date_gmt":"2014-12-19T13:14:35","guid":{"rendered":"https:\/\/roma.education\/kontakt\/"},"modified":"2025-05-15T09:15:56","modified_gmt":"2025-05-15T09:15:56","slug":"contact","status":"publish","type":"page","link":"https:\/\/roma.education\/sk\/contact\/","title":{"rendered":"Kontakt"},"content":{"rendered":"<div class=\"col-md-12\">\n<div class=\"col-md-6\">\n<h4>Radi by sme v\u00e1s po\u010duli! \u010ci u\u017e m\u00e1te ot\u00e1zku, n\u00e1vrh alebo n\u00e1s chcete len pozdravi\u0165, nev\u00e1hajte a ozvite sa n\u00e1m. N\u00e1\u0161 t\u00edm je tu, aby v\u00e1s podporil a spojil sa s vami: info@roma.education alebo office@roma.education.  <\/h4>\n<p><strong>Sledujte n\u00e1s:<\/strong><\/p>\n<ul>\n<li><a href=\"https:\/\/www.facebook.com\/RomaEducationFund\"><strong>Facebook<\/strong><\/a><\/li>\n<li><a href=\"https:\/\/www.instagram.com\/roma_education_fund\/\"><strong>Instagram<\/strong><\/a><\/li>\n<li><a href=\"https:\/\/www.linkedin.com\/company\/1193986\/admin\/dashboard\/\"><strong>LinkedIn<\/strong><\/a><\/li>\n<li><a href=\"https:\/\/www.youtube.com\/feed\/you\"><strong>YouTube<\/strong><\/a><\/li>\n<li><strong><a href=\"https:\/\/www.tiktok.com\/@ref_interantional\">TikTok<\/a><\/strong><\/li>\n<\/ul>\n<p><span style=\"color: #000000;\"><strong>Ak by ste chceli podpori\u0165 na\u0161u pr\u00e1cu, zv\u00e1\u017ete mo\u017enos\u0165 <span style=\"color: #ff0000;\">prispie\u0165<\/span> na: RZBR 0000 0600 2051 8203 (EUR) | Majite\u013e \u00fa\u010dtu Roma Education Fund Romania | 63 Locotenent Sachelarie Visarion street, 021694, Bukure\u0161\u0165, Rumunsko.<\/strong><\/span><\/p>\n<\/div>\n<\/div>\n<div class=\"col-md-12\"><\/div>\n","protected":false},"excerpt":{"rendered":"<p>Radi by sme v\u00e1s po\u010duli! \u010ci u\u017e m\u00e1te ot\u00e1zku, n\u00e1vrh alebo n\u00e1s chcete len pozdravi\u0165, nev\u00e1hajte a ozvite sa n\u00e1m. N\u00e1\u0161 t\u00edm je tu, aby v\u00e1s podporil a spojil sa s vami: info@roma.education alebo office@roma.education. Sledujte n\u00e1s: Facebook Instagram LinkedIn YouTube TikTok Ak by ste chceli podpori\u0165 na\u0161u pr\u00e1cu, zv\u00e1\u017ete mo\u017enos\u0165 prispie\u0165 na: RZBR 0000 <a class=\"read-more-link\" href=\"https:\/\/roma.education\/sk\/contact\/\" title=\"Kontakt\" rel=\"bookmark\" aria-label=\"[\u010c\u00edtaj viac]\">[\u010c\u00edtaj viac]<\/a><\/p>\n","protected":false},"author":1,"featured_media":0,"parent":0,"menu_order":0,"comment_status":"open","ping_status":"open","template":"","meta":{"_acf_changed":false,"footnotes":""},"class_list":["post-8767","page","type-page","status-publish","hentry"],"acf":[],"_links":{"self":[{"href":"https:\/\/roma.education\/sk\/wp-json\/wp\/v2\/pages\/8767","targetHints":{"allow":["GET"]}}],"collection":[{"href":"https:\/\/roma.education\/sk\/wp-json\/wp\/v2\/pages"}],"about":[{"href":"https:\/\/roma.education\/sk\/wp-json\/wp\/v2\/types\/page"}],"author":[{"embeddable":true,"href":"https:\/\/roma.education\/sk\/wp-json\/wp\/v2\/users\/1"}],"replies":[{"embeddable":true,"href":"https:\/\/roma.education\/sk\/wp-json\/wp\/v2\/comments?post=8767"}],"version-history":[{"count":1,"href":"https:\/\/roma.education\/sk\/wp-json\/wp\/v2\/pages\/8767\/revisions"}],"predecessor-version":[{"id":18273,"href":"https:\/\/roma.education\/sk\/wp-json\/wp\/v2\/pages\/8767\/revisions\/18273"}],"wp:attachment":[{"href":"https:\/\/roma.education\/sk\/wp-json\/wp\/v2\/media?parent=8767"}],"curies":[{"name":"wp","href":"https:\/\/api.w.org\/{rel}","templated":true}]}}