{"id":8774,"date":"2014-12-22T08:37:42","date_gmt":"2014-12-22T08:37:42","guid":{"rendered":"https:\/\/roma.education\/clenovia-rady\/"},"modified":"2025-05-19T13:08:17","modified_gmt":"2025-05-19T13:08:17","slug":"members-of-the-board","status":"publish","type":"page","link":"https:\/\/roma.education\/sk\/members-of-the-board\/","title":{"rendered":"\u010clenovia rady"},"content":{"rendered":"<figure class=\"article__photo article__photo--person\"><img loading=\"lazy\" decoding=\"async\" class=\"size-medium wp-image-10926 alignleft\" src=\"https:\/\/roma.education\/wp-content\/uploads\/2025\/02\/DSC08225-scaled-1-200x300.jpg\" alt=\"\" width=\"200\" height=\"300\" srcset=\"https:\/\/roma.education\/wp-content\/uploads\/2025\/02\/DSC08225-scaled-1-200x300.jpg 200w, https:\/\/roma.education\/wp-content\/uploads\/2025\/02\/DSC08225-scaled-1-683x1024.jpg 683w, https:\/\/roma.education\/wp-content\/uploads\/2025\/02\/DSC08225-scaled-1-768x1152.jpg 768w, https:\/\/roma.education\/wp-content\/uploads\/2025\/02\/DSC08225-scaled-1-1024x1536.jpg 1024w, https:\/\/roma.education\/wp-content\/uploads\/2025\/02\/DSC08225-scaled-1-1366x2048.jpg 1366w, https:\/\/roma.education\/wp-content\/uploads\/2025\/02\/DSC08225-scaled-1.jpg 1707w\" sizes=\"auto, (max-width: 200px) 100vw, 200px\" \/><\/figure>\n<h3 style=\"text-align: center;\">REF Severn\u00e9 Maced\u00f3nsko, Rumunsko, Srbsko<\/h3>\n<h2><a href=\"https:\/\/www.linkedin.com\/in\/ciprian-necula-92842b46\/\">Ciprian Necula<\/a> | Predseda<\/h2>\n<p>Svoju kari\u00e9ru za\u010dal ako aktivista za \u013eudsk\u00e9 pr\u00e1va pod doh\u013eadom a veden\u00edm Nicolae Gheorgheho, ktor\u00fd vyu\u017e\u00edval inovat\u00edvne n\u00e1stroje na rie\u0161enie stereotypov a predsudkov vo\u010di R\u00f3mom. Bol novin\u00e1rom, inici\u00e1torom verejn\u00fdch kampan\u00ed, propag\u00e1torom soci\u00e1lno-ekonomick\u00fdch projektov, politick\u00fdm analytikom, spoluzakladate\u013eom soci\u00e1lneho podniku, ved\u00facim r\u00f3mskej mimovl\u00e1dnej organiz\u00e1cie, konzultantom medzin\u00e1rodn\u00fdch organiz\u00e1ci\u00ed.<\/p>\n<p>Zast\u00e1val funkciu \u0161t\u00e1tneho tajomn\u00edka na ministerstve eur\u00f3pskych fondov a je zakladaj\u00facim \u010dlenom r\u00f3mskej ob\u010dianskej platformy Aresel.<\/p>\n<p>Ciprian je doktorom sociol\u00f3gie a vyu\u010duje predmet &#8220;Mu\u017eskos\u0165 a etnicita&#8221; na Univerzite SNSPA v Bukure\u0161ti. Koordinuje prv\u00fd eur\u00f3psky magistersk\u00fd program r\u00f3mskych \u0161t\u00fadi\u00ed. <\/p>\n<h4 style=\"text-align: center;\">Je tie\u017e predsedom predstavenstva REF Ma\u010farsko a REF Slovensko.<\/h4>\n<hr>\n<figure class=\"article__photo article__photo--person\"><img loading=\"lazy\" decoding=\"async\" class=\"alignnone wp-image-12156 size-medium\" src=\"https:\/\/roma.education\/wp-content\/uploads\/2025\/02\/Timea-1-265x300.jpg\" alt=\"\" width=\"265\" height=\"300\" srcset=\"https:\/\/roma.education\/wp-content\/uploads\/2025\/02\/Timea-1-265x300.jpg 265w, https:\/\/roma.education\/wp-content\/uploads\/2025\/02\/Timea-1-906x1024.jpg 906w, https:\/\/roma.education\/wp-content\/uploads\/2025\/02\/Timea-1-768x868.jpg 768w, https:\/\/roma.education\/wp-content\/uploads\/2025\/02\/Timea-1-1359x1536.jpg 1359w, https:\/\/roma.education\/wp-content\/uploads\/2025\/02\/Timea-1-1812x2048.jpg 1812w\" sizes=\"auto, (max-width: 265px) 100vw, 265px\" \/><\/figure>\n<h3><a href=\"https:\/\/www.linkedin.com\/in\/timeajunghaus\/\">T\u00edmea Junghaus<\/a><\/h3>\n<p>Je histori\u010dkou umenia a kur\u00e1torkou s\u00fa\u010dasn\u00e9ho umenia. V septembri 2017 nast\u00fapila na poz\u00edciu v\u00fdkonnej riadite\u013eky Eur\u00f3pskeho r\u00f3mskeho in\u0161tit\u00fatu pre umenie a kult\u00faru. Predt\u00fdm Junghausov\u00e1 p\u00f4sobila ako v\u00fdskumn\u00e1 pracovn\u00ed\u010dka pracovnej skupiny pre kritick\u00e9 te\u00f3rie na \u00dastave dej\u00edn umenia Ma\u010farskej akad\u00e9mie vied (2010 &#8211; 2017). V s\u00fa\u010dasnosti dokon\u010duje doktorandsk\u00e9 \u0161t\u00fadium v odbore te\u00f3ria kult\u00fary na Univerzite E\u00f6tv\u00f6sa L\u00f3r\u00e1nda v Budape\u0161ti (Ma\u010farsko). Je kur\u00e1torkou sekcie v\u00fdtvarn\u00e9ho umenia pre RomArchive &#8211; Digit\u00e1lny arch\u00edv R\u00f3mov, ktor\u00fd financuje Kulturstiftung des Bundes (2015 &#8211; 2018). Junghausov\u00e1 bola zakladaj\u00facou riadite\u013ekou Gallery8 &#8211; Roma Contemporary Art Space (www.gallery8.org) v Budape\u0161ti (2013 &#8211; 2017), laure\u00e1tkou ceny Catalyst Contemporary Art Award 2014 (spolo\u010dnosti Tranzit Hungary) a Ceny Otta Pankoka 2014, ktor\u00fa ude\u013euje Nad\u00e1cia R\u00f3mov nemeck\u00e9ho spisovate\u013ea a nosite\u013ea Nobelovej ceny za literat\u00faru G\u00fcntera Grassa.     <\/p>\n<h3 style=\"text-align: center;\">Timea p\u00f4sob\u00ed aj ako \u010dlenka predstavenstva REF Slovakia<\/h3>\n<hr>\n<figure class=\"article__photo article__photo--person\"><img loading=\"lazy\" decoding=\"async\" class=\"size-medium wp-image-10899 alignleft\" src=\"https:\/\/roma.education\/wp-content\/uploads\/2025\/02\/Sonja-1-200x300.jpg\" alt=\"\" width=\"200\" height=\"300\" srcset=\"https:\/\/roma.education\/wp-content\/uploads\/2025\/02\/Sonja-1-200x300.jpg 200w, https:\/\/roma.education\/wp-content\/uploads\/2025\/02\/Sonja-1-683x1024.jpg 683w, https:\/\/roma.education\/wp-content\/uploads\/2025\/02\/Sonja-1-768x1152.jpg 768w, https:\/\/roma.education\/wp-content\/uploads\/2025\/02\/Sonja-1-1024x1536.jpg 1024w, https:\/\/roma.education\/wp-content\/uploads\/2025\/02\/Sonja-1.jpg 1200w\" sizes=\"auto, (max-width: 200px) 100vw, 200px\" \/><\/figure>\n<h2>Sonja Licht<\/h2>\n<p>Je predsedn\u00ed\u010dkou organiz\u00e1cie BFPE za zodpovedn\u00fa spolo\u010dnos\u0165. V rokoch 1991 a\u017e 2003 bola v\u00fdkonnou riadite\u013ekou a prezidentkou Fondu pre otvoren\u00fa spolo\u010dnos\u0165 (Sorosova nad\u00e1cia) v Juhosl\u00e1vii (nesk\u00f4r v Srbsku). Ako ob\u010dianska aktivistka bola spolupredsedn\u00ed\u010dkou medzin\u00e1rodn\u00e9ho Helsinsk\u00e9ho ob\u010dianskeho zhroma\u017edenia a mnoh\u00fdch \u010fal\u0161\u00edch n\u00e1rodn\u00fdch a medzin\u00e1rodn\u00fdch organiz\u00e1ci\u00ed a iniciat\u00edv. V rokoch 1999 &#8211; 2002 viedla pracovn\u00fa skupinu Bratislavsk\u00e9ho procesu, ktor\u00e1 podporovala \u0161irok\u00fa koal\u00edciu demokratick\u00fdch opozi\u010dn\u00fdch s\u00edl v Srbsku. V roku 2010 sa z\u00fa\u010dastnila na pr\u00e1ci skupiny v\u00fdznamn\u00fdch osobnost\u00ed Rady Eur\u00f3py, ktor\u00e1 pripravila spr\u00e1vu: \u017di\u0165 spolu: Spolo\u010dne \u017ei\u0165 v Eur\u00f3pe 21. storo\u010dia: &#8220;Kombin\u00e1cia slobody a rozmanitosti v Eur\u00f3pe 21. storo\u010dia&#8221;. Sonja je nosite\u013ekou mnoh\u00fdch ocenen\u00ed vr\u00e1tane Hviezdy talianskej solidarity, franc\u00fazskeho R\u00e1du \u010destnej l\u00e9gie a R\u00e1du za z\u00e1sluhy Spolkovej republiky Nemecko. Je \u0161tipendistkou Akad\u00e9mie Roberta Boscha Richarda von Weizsackera za rok 2015.      <\/p>\n<h3 style=\"text-align: center;\">Sonja p\u00f4sob\u00ed aj ako \u010dlenka predstavenstva REF Slovakia  <\/h3>\n<hr>\n<figure class=\"article__photo article__photo--person\"><img loading=\"lazy\" decoding=\"async\" class=\"alignnone wp-image-12164 size-medium\" src=\"https:\/\/roma.education\/wp-content\/uploads\/2025\/02\/Kinga-Rethy-1-300x300.png\" alt=\"\" width=\"300\" height=\"300\" srcset=\"https:\/\/roma.education\/wp-content\/uploads\/2025\/02\/Kinga-Rethy-1-300x300.png 300w, https:\/\/roma.education\/wp-content\/uploads\/2025\/02\/Kinga-Rethy-1-150x150.png 150w, https:\/\/roma.education\/wp-content\/uploads\/2025\/02\/Kinga-Rethy-1-768x768.png 768w, https:\/\/roma.education\/wp-content\/uploads\/2025\/02\/Kinga-Rethy-1.png 1000w\" sizes=\"auto, (max-width: 300px) 100vw, 300px\" \/><\/figure>\n<h3><a href=\"https:\/\/www.linkedin.com\/in\/kinga-rethy\/\">Kinga Rethy<\/a><\/h3>\n<p>Je v\u00fdkonnou viceprezidentkou <a href=\"https:\/\/romaforeurope.org\/us\">R\u00f3mskej nad\u00e1cie pre Eur\u00f3pu<\/a>, kde riadi prev\u00e1dzku a podporuje in\u0161titucion\u00e1lny rozvoj organiz\u00e1ci\u00ed v sieti nad\u00e1cie. Do roku 2024 bola z\u00e1stupky\u0148ou riadite\u013ea Kancel\u00e1rie r\u00f3mskych iniciat\u00edv otvorenej spolo\u010dnosti. Jej sk\u00fasenosti siahaj\u00fa od spolupr\u00e1ce s n\u00e1rodn\u00fdmi vl\u00e1dami a medzin\u00e1rodn\u00fdmi in\u0161tit\u00faciami &#8211; najm\u00e4 v r\u00e1mci Dek\u00e1dy za\u010dle\u0148ovania R\u00f3mov &#8211; a\u017e po pr\u00e1cu s r\u00f3mskymi komunitami v celej Eur\u00f3pe, ako aj s v\u00e4\u010d\u0161inov\u00fdm obyvate\u013estvom v oblasti boja proti predsudkom a diskrimin\u00e1cii vo\u010di R\u00f3mom. Kinga nast\u00fapila do Nad\u00e1cie otvorenej spolo\u010dnosti v roku 1997 ako st\u00e1\u017eistka a \u010falej pracovala ako pr\u00e1vna asistentka v kancel\u00e1rii gener\u00e1lneho pr\u00e1vneho z\u00e1stupcu so s\u00eddlom v New Yorku. Potom p\u00f4sobila ako v\u00fdkonn\u00e1 pracovn\u00ed\u010dka Nad\u00e1cie otvorenej spolo\u010dnosti a Stredoeur\u00f3pskej univerzity, pri\u010dom \u00fazko spolupracovala s ich spr\u00e1vnymi radami a v\u00fdkonn\u00fdmi pracovn\u00edkmi, a potom pre\u0161la k pr\u00e1ci na r\u00f3mskych programoch. Kinga z\u00edskala bakal\u00e1rsky titul v odbore komunik\u00e1cia a sociol\u00f3gia s ved\u013eaj\u0161\u00edmi odbormi angli\u010dtina a psychol\u00f3gia a magistersk\u00fd titul v odbore sociol\u00f3gia a soci\u00e1lna antropol\u00f3gia. \u0160tudovala a \u017eila v Spojen\u00fdch \u0161t\u00e1toch a Ju\u017enej K\u00f3rei a absolvovala mana\u017e\u00e9rske kurzy na Harvard Kennedy School a INSEAD. Je certifikovanou kou\u010dkou akreditovanou Medzin\u00e1rodnou feder\u00e1ciou kou\u010dov.       <\/p>\n<h3 style=\"text-align: center;\">Kinga p\u00f4sob\u00ed aj ako \u010dlenka predstavenstva REF Slovakia<\/h3>\n<hr>\n<figure class=\"article__photo article__photo--person\"><img loading=\"lazy\" decoding=\"async\" class=\"size-medium wp-image-9336 alignleft\" src=\"https:\/\/roma.education\/wp-content\/uploads\/2024\/11\/Stansilav-Daniel-289x300.jpg\" alt=\"\" width=\"289\" height=\"300\" srcset=\"https:\/\/roma.education\/wp-content\/uploads\/2024\/11\/Stansilav-Daniel-289x300.jpg 289w, https:\/\/roma.education\/wp-content\/uploads\/2024\/11\/Stansilav-Daniel-988x1024.jpg 988w, https:\/\/roma.education\/wp-content\/uploads\/2024\/11\/Stansilav-Daniel-768x796.jpg 768w, https:\/\/roma.education\/wp-content\/uploads\/2024\/11\/Stansilav-Daniel-1482x1536.jpg 1482w, https:\/\/roma.education\/wp-content\/uploads\/2024\/11\/Stansilav-Daniel-1975x2048.jpg 1975w\" sizes=\"auto, (max-width: 289px) 100vw, 289px\" \/><\/figure>\n<h3><a href=\"https:\/\/www.linkedin.com\/in\/stanislav-daniel-64b3b955\/\">Stanislav Daniel<\/a><\/h3>\n<p>Je aktivista za pr\u00e1va R\u00f3mov, advok\u00e1t, v\u00fdskumn\u00edk a \u0161kolite\u013e zo Slovenska. Ke\u010f\u017ee je s\u00e1m \u010dlenom komunity, jeho schopnosti sp\u00e1jaj\u00fa priamu sk\u00fasenos\u0165 s teoretick\u00fdmi vedomos\u0165ami, ktor\u00e9 z\u00edskal v r\u00e1mci form\u00e1lneho aj neform\u00e1lneho vzdel\u00e1vania. Jeho predch\u00e1dzaj\u00face pracovn\u00e9 sk\u00fasenosti zah\u0155\u0148aj\u00fa R\u00f3msky vzdel\u00e1vac\u00ed fond, \u00darad pre demokratick\u00e9 in\u0161tit\u00facie a \u013eudsk\u00e9 pr\u00e1va pri OBSE, Eur\u00f3pske centrum pre pr\u00e1va R\u00f3mov a Nad\u00e1ciu otvorenej spolo\u010dnosti v Bratislave. Po r\u00f4znych v\u00fdskumn\u00fdch a advoka\u010dn\u00fdch aktivit\u00e1ch v oblasti vzdel\u00e1vania, ale aj b\u00fdvania, slobody pohybu, zdravia a reakcie \u0161t\u00e1tu na rasovo motivovan\u00e9 n\u00e1silie spolupracoval s medzin\u00e1rodn\u00fdm zdru\u017een\u00edm Step by Step, konkr\u00e9tne pri presadzovan\u00ed pr\u00edstupu ku kvalitn\u00fdm slu\u017eb\u00e1m v ranom detstve pre r\u00f3mske deti. V s\u00fa\u010dasnosti spolupracuje so spolo\u010dnos\u0165ou Porticus ako grantov\u00fd mana\u017e\u00e9r zodpovedn\u00fd za iniciat\u00edvy v oblasti vzdel\u00e1vania v strednej a v\u00fdchodnej Eur\u00f3pe. Je tie\u017e spolupredsedom spr\u00e1vnej rady siete eur\u00f3pskych r\u00f3mskych ob\u010dianskych organiz\u00e1ci\u00ed (ERGO) v Bruseli.     <\/p>\n<hr>\n\n<p><\/p>\n","protected":false},"excerpt":{"rendered":"<p>REF Severn\u00e9 Maced\u00f3nsko, Rumunsko, Srbsko Ciprian Necula | Predseda Svoju kari\u00e9ru za\u010dal ako aktivista za \u013eudsk\u00e9 pr\u00e1va pod doh\u013eadom a veden\u00edm Nicolae Gheorgheho, ktor\u00fd vyu\u017e\u00edval inovat\u00edvne n\u00e1stroje na rie\u0161enie stereotypov a predsudkov vo\u010di R\u00f3mom. Bol novin\u00e1rom, inici\u00e1torom verejn\u00fdch kampan\u00ed, propag\u00e1torom soci\u00e1lno-ekonomick\u00fdch projektov, politick\u00fdm analytikom, spoluzakladate\u013eom soci\u00e1lneho podniku, ved\u00facim r\u00f3mskej mimovl\u00e1dnej organiz\u00e1cie, konzultantom medzin\u00e1rodn\u00fdch organiz\u00e1ci\u00ed. Zast\u00e1val <a class=\"read-more-link\" href=\"https:\/\/roma.education\/sk\/members-of-the-board\/\" title=\"\u010clenovia rady\" rel=\"bookmark\" aria-label=\"[\u010c\u00edtaj viac]\">[\u010c\u00edtaj viac]<\/a><\/p>\n","protected":false},"author":1,"featured_media":0,"parent":0,"menu_order":0,"comment_status":"closed","ping_status":"open","template":"","meta":{"_acf_changed":false,"footnotes":""},"class_list":["post-8774","page","type-page","status-publish","hentry"],"acf":[],"_links":{"self":[{"href":"https:\/\/roma.education\/sk\/wp-json\/wp\/v2\/pages\/8774","targetHints":{"allow":["GET"]}}],"collection":[{"href":"https:\/\/roma.education\/sk\/wp-json\/wp\/v2\/pages"}],"about":[{"href":"https:\/\/roma.education\/sk\/wp-json\/wp\/v2\/types\/page"}],"author":[{"embeddable":true,"href":"https:\/\/roma.education\/sk\/wp-json\/wp\/v2\/users\/1"}],"replies":[{"embeddable":true,"href":"https:\/\/roma.education\/sk\/wp-json\/wp\/v2\/comments?post=8774"}],"version-history":[{"count":2,"href":"https:\/\/roma.education\/sk\/wp-json\/wp\/v2\/pages\/8774\/revisions"}],"predecessor-version":[{"id":18436,"href":"https:\/\/roma.education\/sk\/wp-json\/wp\/v2\/pages\/8774\/revisions\/18436"}],"wp:attachment":[{"href":"https:\/\/roma.education\/sk\/wp-json\/wp\/v2\/media?parent=8774"}],"curies":[{"name":"wp","href":"https:\/\/api.w.org\/{rel}","templated":true}]}}